{"id":460,"date":"2022-01-27T15:26:41","date_gmt":"2022-01-27T15:26:41","guid":{"rendered":"http:\/\/108.160.146.132\/~uedawi\/?page_id=460"},"modified":"2026-03-26T17:29:52","modified_gmt":"2026-03-26T17:29:52","slug":"newsletter-archive","status":"publish","type":"page","link":"https:\/\/www.uedawi.org\/es\/newsletter-archive\/","title":{"rendered":"Archivo de boletines"},"content":{"rendered":"<p>\u00a1Bienvenido a las noticias de la comunidad de UEDA! A continuaci\u00f3n encontrar\u00e1 enlaces a nuestro archivo de boletines mensuales. Nuestro bolet\u00edn informativo es una herramienta que utilizamos para informar a nuestra red sobre las actividades y logros de los miembros, eventos del sector, diversas iniciativas de desarrollo econ\u00f3mico y comunitario en Wisconsin y otras oportunidades para involucrarse con la comunidad UEDA.<\/p>\n<ul>\n<li><a href=\"https:\/\/www.uedawi.org\/wp-content\/uploads\/2026\/03\/UEDA-Community-News-March-2026.pdf\" target=\"_blank\" rel=\"noopener\">Marzo de 2026<\/a><\/li>\n<li><a href=\"https:\/\/campaignlp.constantcontact.com\/em\/1141314741305\/9850e88d-b4a2-4a93-a9d4-fd61d0134afa\">Febrero de 2026<\/a><\/li>\n<li><a href=\"https:\/\/campaignlp.constantcontact.com\/em\/1141314741305\/b8d71985-b99d-4273-b60a-5eedc56114d7\">Enero de 2026<\/a><\/li>\n<li><a href=\"https:\/\/myemail.constantcontact.com\/UEDA-Community-News---December-2025----.html?soid=1141314741305&amp;aid=MnFSmSA-bbc\">Diciembre de 2025<\/a><\/li>\n<li><a href=\"https:\/\/myemail.constantcontact.com\/UEDA-Community-News---November-2025.html?soid=1141314741305&amp;aid=qdOuZV0UPh4\">Noviembre de 2025<\/a><\/li>\n<li><a href=\"https:\/\/campaignlp.constantcontact.com\/em\/1141314741305\/155a43e5-c278-4d5e-895b-6c7fd97e67ee\">Octubre de 2025<\/a><\/li>\n<li><a href=\"https:\/\/myemail.constantcontact.com\/UEDA-Community-News---September-2025.html?soid=1141314741305&amp;aid=xlRvt4CAVbg\">Septiembre de 2025<\/a><\/li>\n<li><a href=\"https:\/\/www.uedawi.org\/wp-content\/uploads\/2025\/09\/UEDA-Newsletter-0828.pdf\">Agosto de 2025<\/a><\/li>\n<li><a href=\"https:\/\/www.uedawi.org\/wp-content\/uploads\/2025\/07\/UEDA-Community-News_07-2025.pdf\" target=\"_blank\" rel=\"noopener\">Julio de 2025<\/a><\/li>\n<li><a href=\"https:\/\/www.uedawi.org\/wp-content\/uploads\/2025\/06\/UEDA-Community-News_06-2025.pdf\" target=\"_blank\" rel=\"noopener\">Junio de 2025<\/a><\/li>\n<li><a href=\"https:\/\/www.uedawi.org\/wp-content\/uploads\/2025\/05\/UEDA-Community-News_05-2025.pdf\" target=\"_blank\" rel=\"noopener\">Mayo de 2025<\/a><\/li>\n<li><a href=\"https:\/\/www.uedawi.org\/wp-content\/uploads\/2025\/04\/UEDA-Community-News_04-2025.pdf\" target=\"_blank\" rel=\"noopener\">Abril de 2025<\/a><\/li>\n<li><a href=\"https:\/\/www.uedawi.org\/wp-content\/uploads\/2025\/04\/UEDA-Community-News_03-2025.pdf\" target=\"_blank\" rel=\"noopener\">Marzo de 2025<\/a><\/li>\n<li><a href=\"https:\/\/www.uedawi.org\/wp-content\/uploads\/2025\/02\/UEDA-Community-News_02-2025.pdf\" target=\"_blank\" rel=\"noopener\">Febrero de 2025<\/a><\/li>\n<li><a href=\"https:\/\/www.uedawi.org\/wp-content\/uploads\/2025\/02\/UEDA-Community-News_01-2025.pdf\" target=\"_blank\" rel=\"noopener\">Enero de 2025<\/a><\/li>\n<li><a href=\"https:\/\/www.uedawi.org\/wp-content\/uploads\/2025\/01\/UEDA-Community-News-12_2024.pdf\" target=\"_blank\" rel=\"noopener\">Diciembre de 2024<\/a><\/li>\n<li><a href=\"https:\/\/www.uedawi.org\/wp-content\/uploads\/2024\/11\/UEDA-Community-News-11_2024.pdf\" target=\"_blank\" rel=\"noopener\">Noviembre de 2024<\/a><\/li>\n<li><a href=\"https:\/\/www.uedawi.org\/wp-content\/uploads\/2024\/10\/UEDA-Community-News-10_2024.pdf\" target=\"_blank\" rel=\"noopener\">Octubre de 2024<\/a><\/li>\n<li><a href=\"https:\/\/www.uedawi.org\/wp-content\/uploads\/2024\/10\/UEDA-Community-News-09_2024.pdf\" target=\"_blank\" rel=\"noopener\">Septiembre de 2024<\/a><\/li>\n<li><a href=\"https:\/\/www.uedawi.org\/wp-content\/uploads\/2024\/08\/UEDA-Community-News-08_2024.pdf\" target=\"_blank\" rel=\"noopener\">Agosto de 2024<\/a><\/li>\n<li><a href=\"https:\/\/www.uedawi.org\/wp-content\/uploads\/2024\/07\/UEDA-Community-News-07_2024.pdf\" target=\"_blank\" rel=\"noopener\">julio 2024<\/a><\/li>\n<li><a href=\"https:\/\/www.uedawi.org\/wp-content\/uploads\/2024\/06\/UEDA-Community-News-06_2024.pdf\" target=\"_blank\" rel=\"noopener\">junio 2024<\/a><\/li>\n<li><a href=\"https:\/\/www.uedawi.org\/wp-content\/uploads\/2024\/06\/UEDA-Community-News-05_2024.pdf\" target=\"_blank\" rel=\"noopener\">mayo 2024<\/a><\/li>\n<li><a href=\"https:\/\/www.uedawi.org\/wp-content\/uploads\/2024\/05\/UEDA-Community-News-04_2024.pdf\" target=\"_blank\" rel=\"noopener\">abril 2024<\/a><\/li>\n<li><a href=\"https:\/\/www.uedawi.org\/wp-content\/uploads\/2024\/04\/UEDA-Community-News-03_2024.pdf\" target=\"_blank\" rel=\"noopener\">marzo 2024<\/a><\/li>\n<li><a href=\"https:\/\/www.uedawi.org\/wp-content\/uploads\/2024\/03\/UEDA-Community-News-02_2024.pdf\" target=\"_blank\" rel=\"noopener\">febrero 2024<\/a><\/li>\n<li><a href=\"https:\/\/www.uedawi.org\/wp-content\/uploads\/2024\/01\/UEDA-Community-News-01_2024.pdf\" target=\"_blank\" rel=\"noopener\">enero 2024<\/a><\/li>\n<li><a href=\"https:\/\/www.uedawi.org\/wp-content\/uploads\/2023\/12\/UEDA-Community-News-December-2023.pdf\" target=\"_blank\" rel=\"noopener\">diciembre 2023<\/a><\/li>\n<li><a href=\"https:\/\/www.uedawi.org\/wp-content\/uploads\/2023\/12\/UEDA-Community-News-November-2023.pdf\" target=\"_blank\" rel=\"noopener\">noviembre 2023<\/a><\/li>\n<li><a href=\"https:\/\/www.uedawi.org\/wp-content\/uploads\/2023\/10\/UEDA-Community-News-October-2023.pdf\" target=\"_blank\" rel=\"noopener\">octubre 2023<\/a><\/li>\n<li><a href=\"https:\/\/www.uedawi.org\/wp-content\/uploads\/2023\/10\/UEDA-Community-News-September-2023.pdf\" target=\"_blank\" rel=\"noopener\">Septiembre 2023<\/a><\/li>\n<li><a href=\"https:\/\/www.uedawi.org\/wp-content\/uploads\/2023\/08\/UEDA-Community-News-August-2023.pdf\" target=\"_blank\" rel=\"noopener\">agosto 2023<\/a><\/li>\n<li><a href=\"https:\/\/www.uedawi.org\/wp-content\/uploads\/2023\/07\/UEDA-Community-News-July-2023.pdf\" target=\"_blank\" rel=\"noopener\">julio 2023<\/a><\/li>\n<li><a href=\"https:\/\/www.uedawi.org\/wp-content\/uploads\/2023\/06\/UEDA-Community-News-June-2023.pdf\" target=\"_blank\" rel=\"noopener\">junio 2023<\/a><\/li>\n<li><a href=\"https:\/\/www.uedawi.org\/wp-content\/uploads\/2023\/06\/UEDA-Community-News-May-2023.pdf\" target=\"_blank\" rel=\"noopener\">mayo 2023<\/a><\/li>\n<li><a href=\"https:\/\/www.uedawi.org\/wp-content\/uploads\/2023\/05\/UEDA-Community-News-April-2023.pdf\" target=\"_blank\" rel=\"noopener\">abril 2023<\/a><\/li>\n<li><a href=\"https:\/\/www.uedawi.org\/wp-content\/uploads\/2023\/04\/March-2023-UEDA-Community-News.pdf\" target=\"_blank\" rel=\"noopener\">marzo 2023<\/a><\/li>\n<li><a href=\"https:\/\/www.uedawi.org\/wp-content\/uploads\/2023\/04\/February-2023-UEDA-Community-News.pdf\" target=\"_blank\" rel=\"noopener\">febrero 2023<\/a><\/li>\n<li><a href=\"https:\/\/www.uedawi.org\/wp-content\/uploads\/2023\/02\/UEDA-Community-News-January-2023.html\" target=\"_blank\" rel=\"noopener\">enero 2023<\/a><\/li>\n<li><a href=\"https:\/\/www.uedawi.org\/wp-content\/uploads\/2022\/12\/UEDA-Community-News-December-2022.html\" target=\"_blank\" rel=\"noopener\">diciembre 2022<\/a><\/li>\n<li><a href=\"https:\/\/www.uedawi.org\/wp-content\/uploads\/2022\/12\/UEDA-Community-News-November-2022.html\" target=\"_blank\" rel=\"noopener\">noviembre 2022<\/a><\/li>\n<li><a href=\"https:\/\/www.uedawi.org\/wp-content\/uploads\/2022\/11\/UEDA-Community-News-October-2022.html\" target=\"_blank\" rel=\"noopener\">octubre 2022<\/a><\/li>\n<li><a href=\"https:\/\/www.uedawi.org\/wp-content\/uploads\/2022\/10\/UEDA-Community-News-September-2022-Newsletter.html\" target=\"_blank\" rel=\"noopener\">septiembre 2022<\/a><\/li>\n<li><a href=\"https:\/\/www.uedawi.org\/wp-content\/uploads\/2022\/09\/UEDA-Community-News-August-2022-Newsletter.html\" target=\"_blank\" rel=\"noopener\">agosto 2022<\/a><\/li>\n<li><a href=\"https:\/\/www.uedawi.org\/wp-content\/uploads\/2022\/09\/UEDA-Community-News-July-2022-Newsletter.html\" target=\"_blank\" rel=\"noopener\">julio 2022<\/a><\/li>\n<li><a href=\"https:\/\/www.uedawi.org\/wp-content\/uploads\/2022\/07\/UEDA-Community-News-June-2022-Newsletter.html\" target=\"_blank\" rel=\"noopener\">junio 2022<\/a><\/li>\n<li><a href=\"https:\/\/mailchi.mp\/uedawi\/ueda-community-news-may-2022?e=27ea660bad\" target=\"_blank\" rel=\"noopener\">mayo 2022<\/a><\/li>\n<li><a href=\"https:\/\/mailchi.mp\/uedawi\/ueda-community-news-april-6083449?e=27ea660bad\" target=\"_blank\" rel=\"noopener\">abril 2022<\/a><\/li>\n<li><a href=\"https:\/\/mailchi.mp\/uedawi\/ueda-community-news-march-2022?e=27ea660bad\" target=\"_blank\" rel=\"noopener\">marzo 2022<\/a><\/li>\n<li><a href=\"https:\/\/mailchi.mp\/uedawi\/ueda-community-news-november-6033341?e=27ea660bad\" target=\"_blank\" rel=\"noopener\">febrero 2022<\/a><\/li>\n<li><a href=\"https:\/\/mailchi.mp\/uedawi\/ueda-community-news-november-6016821?e=27ea660bad\" target=\"_blank\" rel=\"noopener\">enero 2022<\/a><\/li>\n<\/ul>","protected":false},"excerpt":{"rendered":"<p>Welcome to UEDA Community News! Below you will find links to our monthly newsletter archive. Our newsletter is a tool we use to inform our network about member activities and accomplishments, sector events, various community and economic development initiatives in Wisconsin, and other opportunities to get engaged with the UEDA Community. March 2026 February 2026 &hellip;<\/p>","protected":false},"author":1,"featured_media":0,"parent":0,"menu_order":0,"comment_status":"closed","ping_status":"closed","template":"","meta":{"_acf_changed":false,"footnotes":""},"class_list":["post-460","page","type-page","status-publish","hentry"],"acf":[],"_links":{"self":[{"href":"https:\/\/www.uedawi.org\/es\/wp-json\/wp\/v2\/pages\/460","targetHints":{"allow":["GET"]}}],"collection":[{"href":"https:\/\/www.uedawi.org\/es\/wp-json\/wp\/v2\/pages"}],"about":[{"href":"https:\/\/www.uedawi.org\/es\/wp-json\/wp\/v2\/types\/page"}],"author":[{"embeddable":true,"href":"https:\/\/www.uedawi.org\/es\/wp-json\/wp\/v2\/users\/1"}],"replies":[{"embeddable":true,"href":"https:\/\/www.uedawi.org\/es\/wp-json\/wp\/v2\/comments?post=460"}],"version-history":[{"count":64,"href":"https:\/\/www.uedawi.org\/es\/wp-json\/wp\/v2\/pages\/460\/revisions"}],"predecessor-version":[{"id":2219,"href":"https:\/\/www.uedawi.org\/es\/wp-json\/wp\/v2\/pages\/460\/revisions\/2219"}],"wp:attachment":[{"href":"https:\/\/www.uedawi.org\/es\/wp-json\/wp\/v2\/media?parent=460"}],"curies":[{"name":"gracias","href":"https:\/\/api.w.org\/{rel}","templated":true}]}}