{"id":304,"date":"2021-11-17T03:33:20","date_gmt":"2021-11-17T03:33:20","guid":{"rendered":"http:\/\/108.160.146.132\/~uedawi\/?page_id=304"},"modified":"2022-01-30T05:53:27","modified_gmt":"2022-01-30T05:53:27","slug":"sitemap","status":"publish","type":"page","link":"https:\/\/www.uedawi.org\/es\/sitemap\/","title":{"rendered":"mapa del sitio"},"content":{"rendered":"<div class=\"wsp-container\"><h2 class=\"wsp-pages-title\">Paginas<\/h2>\n<ul class=\"wsp-pages-list\">\n<li class=\"page_item page-item-10\"><a href=\"https:\/\/www.uedawi.org\/es\/about-ueda\/\">Acerca de UEDA<\/a><\/li>\n<li class=\"page_item page-item-727\"><a href=\"https:\/\/www.uedawi.org\/es\/become-a-supporter\/\">Convi\u00e9rtete en un partidario<\/a><\/li>\n<li class=\"page_item page-item-18\"><a href=\"https:\/\/www.uedawi.org\/es\/contact\/\">Contacto<\/a><\/li>\n<li class=\"page_item page-item-8\"><a href=\"https:\/\/www.uedawi.org\/es\/\">P\u00e1gina de inicio<\/a><\/li>\n<li class=\"page_item page-item-16\"><a href=\"https:\/\/www.uedawi.org\/es\/news-events\/\">Noticias y Eventos<\/a><\/li>\n<li class=\"page_item page-item-460\"><a href=\"https:\/\/www.uedawi.org\/es\/newsletter-archive\/\">Archivo de boletines<\/a><\/li>\n<li class=\"page_item page-item-3\"><a href=\"https:\/\/www.uedawi.org\/es\/privacy-policy\/\">Pol\u00edtica de privacidad<\/a><\/li>\n<li class=\"page_item page-item-304\"><a href=\"https:\/\/www.uedawi.org\/es\/sitemap\/\">mapa del sitio<\/a><\/li>\n<li class=\"page_item page-item-302\"><a href=\"https:\/\/www.uedawi.org\/es\/terms-conditions\/\">T\u00e9rminos y condiciones<\/a><\/li>\n<li class=\"page_item page-item-1478\"><a href=\"https:\/\/www.uedawi.org\/es\/thank-you-for-your-contribution\/\">\u00a1Gracias por tu contribuci\u00f3n!<\/a><\/li>\n<li class=\"page_item page-item-1465\"><a href=\"https:\/\/www.uedawi.org\/es\/thank-you-for-your-membership\/\">\u00a1Gracias por su membres\u00eda!<\/a><\/li>\n<li class=\"page_item page-item-1406\"><a href=\"https:\/\/www.uedawi.org\/es\/carnival-milwaukee-support\/\">\u00a1Gracias por tu apoyo!<\/a><\/li>\n<li class=\"page_item page-item-1470\"><a href=\"https:\/\/www.uedawi.org\/es\/thank-you-for-your-take-root-membership\/\">\u00a1Gracias por su membres\u00eda de Take Root!<\/a><\/li>\n<li class=\"page_item page-item-12\"><a href=\"https:\/\/www.uedawi.org\/es\/what-we-do\/\">lo que hacemos<\/a><\/li>\n<li class=\"page_item page-item-14\"><a href=\"https:\/\/www.uedawi.org\/es\/membership\/\">\u00bfPor qu\u00e9 convertirse en miembro de UEDA?<\/a><\/li>\n<\/ul>\n<h2 class=\"wsp-posts-title\">Publicaciones por categor\u00eda<\/h2>\n<ul class=\"wsp-posts-list\">\n\t<li><strong class=\"wsp-category-title\">Categor\u00eda: <a href=\"https:\/\/www.uedawi.org\/es\/category\/events\/\">Eventos<\/a><\/strong>\n<ul class=\"wsp-posts-list\">\t\t<li class=\"wsp-post\"><a href=\"https:\/\/www.uedawi.org\/es\/uncategorized\/2026-carnival-milwaukee\/\">\u00a1Gracias por un maravilloso Carnaval de Milwaukee 2026!<\/a><\/li>\n\t\t<li class=\"wsp-post\"><a href=\"https:\/\/www.uedawi.org\/es\/events\/carnival-milwaukee\/\">carnaval milwaukee<\/a><\/li>\n\t\t<li class=\"wsp-post\"><a href=\"https:\/\/www.uedawi.org\/es\/events\/emerging-topics-in-economic-development-series\/\">Temas emergentes en la serie de desarrollo econ\u00f3mico<\/a><\/li>\n<\/ul><\/li>\n\t<li><strong class=\"wsp-category-title\">Categor\u00eda: <a href=\"https:\/\/www.uedawi.org\/es\/category\/news-and-events\/\">Noticias y Eventos<\/a><\/strong>\n<ul class=\"wsp-posts-list\">\t\t<li class=\"wsp-post\"><a href=\"https:\/\/www.uedawi.org\/es\/uncategorized\/join-us-at-our-2026-emerging-topics-series\/\">\u00a1\u00danase a nosotros en nuestra Serie de Temas Emergentes de 2026!<\/a><\/li>\n\t\t<li class=\"wsp-post\"><a href=\"https:\/\/www.uedawi.org\/es\/uncategorized\/ueda-2025-year-in-review\/\">Resumen del a\u00f1o 2025 de la UEDA<\/a><\/li>\n\t\t<li class=\"wsp-post\"><a href=\"https:\/\/www.uedawi.org\/es\/uncategorized\/join-us-for-our-ueda-2025-annual-gathering\/\">\u00a1Gracias por acompa\u00f1arnos en nuestra Reuni\u00f3n Anual UEDA 2025!<\/a><\/li>\n\t\t<li class=\"wsp-post\"><a href=\"https:\/\/www.uedawi.org\/es\/uncategorized\/check-out-our-2025-emerging-topics\/\">\u00a1Gracias por participar en nuestra Serie de Temas Emergentes 2025!<\/a><\/li>\n\t\t<li class=\"wsp-post\"><a href=\"https:\/\/www.uedawi.org\/es\/uncategorized\/ueda-2024-year-in-review\/\">Resumen del a\u00f1o 2024 de la UEDA<\/a><\/li>\n\t\t<li class=\"wsp-post\"><a href=\"https:\/\/www.uedawi.org\/es\/uncategorized\/join-us-for-carnival-milwaukee-2025\/\">\u00a1Gracias por un incre\u00edble Carnaval de Milwaukee 2025!<\/a><\/li>\n\t\t<li class=\"wsp-post\"><a href=\"https:\/\/www.uedawi.org\/es\/uncategorized\/2024-emerging-topics-are-underway\/\">Resumen de temas emergentes de 2024<\/a><\/li>\n\t\t<li class=\"wsp-post\"><a href=\"https:\/\/www.uedawi.org\/es\/uncategorized\/thank-you-for-joining-us-for-our-annual-gathering\/\">\u00a1Gracias por acompa\u00f1arnos en nuestra reuni\u00f3n anual!<\/a><\/li>\n\t\t<li class=\"wsp-post\"><a href=\"https:\/\/www.uedawi.org\/es\/uncategorized\/tickets-now-available-for-carnival-milwaukee-2024\/\">\u00a1Gracias por acompa\u00f1arnos en el Carnaval de Milwaukee!<\/a><\/li>\n\t\t<li class=\"wsp-post\"><a href=\"https:\/\/www.uedawi.org\/es\/uncategorized\/ueda-2023-year-in-review\/\">Resumen del a\u00f1o UEDA 2023<\/a><\/li>\n\t\t<li class=\"wsp-post\"><a href=\"https:\/\/www.uedawi.org\/es\/uncategorized\/2023-series-launches-in-june\/\">Resumen de temas emergentes de 2023<\/a><\/li>\n\t\t<li class=\"wsp-post\"><a href=\"https:\/\/www.uedawi.org\/es\/uncategorized\/bank-on-greater-milwaukee-2023-anniversary-event\/\">\u00a1Celebrando m\u00e1s de 4 a\u00f1os promoviendo el acceso bancario en nuestra comunidad!<\/a><\/li>\n\t\t<li class=\"wsp-post\"><a href=\"https:\/\/www.uedawi.org\/es\/uncategorized\/smallbusiness2023\/\">\u00a1La Semana Nacional de la Peque\u00f1a Empresa es del 30 de abril al 6 de mayo!<\/a><\/li>\n\t\t<li class=\"wsp-post\"><a href=\"https:\/\/www.uedawi.org\/es\/news-and-events\/bank-on-greater-milwaukee-celebrates-financial-literacy-month-and-is-recognized\/\">\u00a1Bank On Greater Milwaukee celebra el Mes de la educaci\u00f3n financiera y es reconocido!<\/a><\/li>\n\t\t<li class=\"wsp-post\"><a href=\"https:\/\/www.uedawi.org\/es\/uncategorized\/carnival-milwaukee-2023\/\">\u00a1La recaudaci\u00f3n de fondos anual de UEDA Carnival Milwaukee fue todo un \u00e9xito!<\/a><\/li>\n\t\t<li class=\"wsp-post\"><a href=\"https:\/\/www.uedawi.org\/es\/uncategorized\/join-us-at-our-2022-annual-community-gathering\/\">\u00a1Resumen de la reuni\u00f3n y celebraci\u00f3n de este a\u00f1o!<\/a><\/li>\n\t\t<li class=\"wsp-post\"><a href=\"https:\/\/www.uedawi.org\/es\/uncategorized\/bank-on-greater-milwaukee-announces-2022-champions-at-september-celebration\/\">Bank On Greater Milwaukee anuncia los campeones de 2022 en la celebraci\u00f3n de septiembre<\/a><\/li>\n\t\t<li class=\"wsp-post\"><a href=\"https:\/\/www.uedawi.org\/es\/uncategorized\/2022-emerging-topics-series-launches-on-september-13\/\">Resumen: Serie de temas emergentes de 2022<\/a><\/li>\n\t\t<li class=\"wsp-post\"><a href=\"https:\/\/www.uedawi.org\/es\/news-and-events\/the-ueda-story\/\">La historia de la UEDA<\/a><\/li>\n\t\t<li class=\"wsp-post\"><a href=\"https:\/\/www.uedawi.org\/es\/news-and-events\/new-partnership\/\">Nueva asociaci\u00f3n para mejorar los servicios de asistencia t\u00e9cnica<\/a><\/li>\n\t\t<li class=\"wsp-post\"><a href=\"https:\/\/www.uedawi.org\/es\/news-and-events\/nonprofit-lift-announcement\/\">Elevaci\u00f3n sin fines de lucro: un nuevo recurso ahora disponible<\/a><\/li>\n\t\t<li class=\"wsp-post\"><a href=\"https:\/\/www.uedawi.org\/es\/news-and-events\/thats-a-wrap-5-days-of-carnival-milwaukee-2022\/\">\u00a1Eso es un envoltorio! 5 D\u00edas de Carnaval Milwaukee 2022<\/a><\/li>\n\t\t<li class=\"wsp-post\"><a href=\"https:\/\/www.uedawi.org\/es\/news-and-events\/new-year-greetings-from-ueda\/\">Reflexionando sobre el 2021, Mirando hacia el A\u00f1o Nuevo en UEDA<\/a><\/li>\n\t\t<li class=\"wsp-post\"><a href=\"https:\/\/www.uedawi.org\/es\/news-and-events\/take-root-milwaukee-hosts-homeownership-disparities-webinar-series\/\">Take Root Milwaukee organiza una serie de seminarios web sobre disparidades en la propiedad de viviendas<\/a><\/li>\n\t\t<li class=\"wsp-post\"><a href=\"https:\/\/www.uedawi.org\/es\/news-and-events\/ueda-2021-emerging-topics-in-economic-development-series-features-key-housing-development-projects\/\">La serie 2021 de UEDA presenta proyectos clave de vivienda y desarrollo<\/a><\/li>\n\t\t<li class=\"wsp-post\"><a href=\"https:\/\/www.uedawi.org\/es\/news-and-events\/take-root-celebrates-10-years-of-promoting-sustainable-homeownership-in-milwaukee\/\">Take Root celebra 10 a\u00f1os de promover la propiedad de vivienda sostenible en Milwaukee<\/a><\/li>\n\t\t<li class=\"wsp-post\"><a href=\"https:\/\/www.uedawi.org\/es\/news-and-events\/sample-news-post\/\">Aniversario de dos a\u00f1os de Bank On Greater Milwaukee y premios de liderazgo 2021<\/a><\/li>\n<\/ul><\/li>\n\t<li><strong class=\"wsp-category-title\">Categor\u00eda: <a href=\"https:\/\/www.uedawi.org\/es\/category\/programs\/\">Programas<\/a><\/strong>\n<ul class=\"wsp-posts-list\">\t\t<li class=\"wsp-post\"><a href=\"https:\/\/www.uedawi.org\/es\/programs\/capacity-building-technical-assistance\/\">Creaci\u00f3n de capacidad y asistencia t\u00e9cnica<\/a><\/li>\n\t\t<li class=\"wsp-post\"><a href=\"https:\/\/www.uedawi.org\/es\/programs\/bank-on-greater-milwaukee\/\">banco en el \u00e1rea metropolitana de milwaukee<\/a><\/li>\n\t\t<li class=\"wsp-post\"><a href=\"https:\/\/www.uedawi.org\/es\/programs\/take-root-milwaukee\/\">Echa ra\u00edces en Milwaukee<\/a><\/li>\n<\/ul><\/li>\n\t<li><strong class=\"wsp-category-title\">Categor\u00eda: <a href=\"https:\/\/www.uedawi.org\/es\/category\/projects\/\">Proyectos<\/a><\/strong>\n<ul class=\"wsp-posts-list\">\t\t<li class=\"wsp-post\"><a href=\"https:\/\/www.uedawi.org\/es\/projects\/milwaukee-neighborhood-resources\/\">Centro de recursos del NSP<\/a><\/li>\n\t\t<li class=\"wsp-post\"><a href=\"https:\/\/www.uedawi.org\/es\/projects\/city-of-milwaukee-consolidated-plan\/\">Plan consolidado de la ciudad de Milwaukee<\/a><\/li>\n\t\t<li class=\"wsp-post\"><a href=\"https:\/\/www.uedawi.org\/es\/projects\/milwaukee-county-dine-out\/\">Programa para cenar fuera del condado de Milwaukee<\/a><\/li>\n\t\t<li class=\"wsp-post\"><a href=\"https:\/\/www.uedawi.org\/es\/projects\/kin-fiscal-sponsor\/\">Kin \u2013 Patrocinador Fiscal<\/a><\/li>\n\t\t<li class=\"wsp-post\"><a href=\"https:\/\/www.uedawi.org\/es\/projects\/rental-housing-resource-center\/\">Centro de recursos de vivienda de alquiler de Milwaukee<\/a><\/li>\n<\/ul><\/li>\n\t<li><strong class=\"wsp-category-title\">Categor\u00eda: <a href=\"https:\/\/www.uedawi.org\/es\/category\/uncategorized\/\">Sin categorizar<\/a><\/strong>\n<\/li>\n<\/ul>\n<\/div>","protected":false},"excerpt":{"rendered":"","protected":false},"author":1,"featured_media":0,"parent":0,"menu_order":0,"comment_status":"closed","ping_status":"closed","template":"","meta":{"_acf_changed":false,"footnotes":""},"class_list":["post-304","page","type-page","status-publish","hentry"],"acf":[],"_links":{"self":[{"href":"https:\/\/www.uedawi.org\/es\/wp-json\/wp\/v2\/pages\/304","targetHints":{"allow":["GET"]}}],"collection":[{"href":"https:\/\/www.uedawi.org\/es\/wp-json\/wp\/v2\/pages"}],"about":[{"href":"https:\/\/www.uedawi.org\/es\/wp-json\/wp\/v2\/types\/page"}],"author":[{"embeddable":true,"href":"https:\/\/www.uedawi.org\/es\/wp-json\/wp\/v2\/users\/1"}],"replies":[{"embeddable":true,"href":"https:\/\/www.uedawi.org\/es\/wp-json\/wp\/v2\/comments?post=304"}],"version-history":[{"count":1,"href":"https:\/\/www.uedawi.org\/es\/wp-json\/wp\/v2\/pages\/304\/revisions"}],"predecessor-version":[{"id":305,"href":"https:\/\/www.uedawi.org\/es\/wp-json\/wp\/v2\/pages\/304\/revisions\/305"}],"wp:attachment":[{"href":"https:\/\/www.uedawi.org\/es\/wp-json\/wp\/v2\/media?parent=304"}],"curies":[{"name":"gracias","href":"https:\/\/api.w.org\/{rel}","templated":true}]}}