{"id":1478,"date":"2024-04-07T22:33:11","date_gmt":"2024-04-07T22:33:11","guid":{"rendered":"https:\/\/www.uedawi.org\/?page_id=1478"},"modified":"2024-04-07T22:33:11","modified_gmt":"2024-04-07T22:33:11","slug":"thank-you-for-your-contribution","status":"publish","type":"page","link":"https:\/\/www.uedawi.org\/es\/thank-you-for-your-contribution\/","title":{"rendered":"\u00a1Gracias por tu contribuci\u00f3n!"},"content":{"rendered":"<p style=\"text-align: center;\"><img loading=\"lazy\" decoding=\"async\" class=\"aligncenter wp-image-710\" src=\"https:\/\/www.uedawi.org\/wp-content\/uploads\/2021\/12\/UEDA-ES-Green-7717-White-BG-284x300.png\" alt=\"UEDA Emerging Topics Series\" width=\"232\" height=\"245\" srcset=\"https:\/\/www.uedawi.org\/wp-content\/uploads\/2021\/12\/UEDA-ES-Green-7717-White-BG-284x300.png 284w, https:\/\/www.uedawi.org\/wp-content\/uploads\/2021\/12\/UEDA-ES-Green-7717-White-BG-768x811.png 768w, https:\/\/www.uedawi.org\/wp-content\/uploads\/2021\/12\/UEDA-ES-Green-7717-White-BG-11x12.png 11w, https:\/\/www.uedawi.org\/wp-content\/uploads\/2021\/12\/UEDA-ES-Green-7717-White-BG.png 792w\" sizes=\"auto, (max-width: 232px) 100vw, 232px\" \/><\/p>\n<p style=\"text-align: center;\"><span style=\"font-size: 18pt; color: #ee7623;\"><strong>\u00a1Gracias por apoyar a la Asociaci\u00f3n de Desarrollo Econ\u00f3mico Urbano de Wisconsin!<\/strong><\/span><\/p>\n<p>Su contribuci\u00f3n es fundamental para el trabajo que hacemos para apoyar a nuestros miembros, facilitar la colaboraci\u00f3n intersectorial, conexiones significativas y fortalecer la capacidad de las personas y grupos en el desarrollo comunitario y econ\u00f3mico.<\/p>\n<p>Como 501(c)(3), su donaci\u00f3n ayuda a respaldar los esfuerzos de nuestra misi\u00f3n en inversi\u00f3n comunitaria, propiedad de vivienda sostenible y vivienda asequible, oportunidades econ\u00f3micas, crecimiento de peque\u00f1as empresas y transporte regional.<\/p>\n<p>No se recibieron bienes ni servicios a cambio de este obsequio, que es totalmente deducible de impuestos. Busque un correo electr\u00f3nico de nuestro Director Ejecutivo reconociendo su contribuci\u00f3n financiera.<\/p>\n<p style=\"text-align: center;\"><span style=\"font-size: 14pt; color: #00827e;\"><strong><em>\u00a1Apreciamos su inversi\u00f3n en UEDA para apoyar comunidades urbanas pr\u00f3speras!<\/em><\/strong><\/span><\/p>\n<p style=\"text-align: center;\"><img loading=\"lazy\" decoding=\"async\" class=\"aligncenter wp-image-1466 size-large\" src=\"https:\/\/www.uedawi.org\/wp-content\/uploads\/2024\/04\/UEDA-2022-Newsletter-header-image-1024x374.png\" alt=\"UEDA Header image - Milwaukee skyline with words Collaboration, Capacity, Connections below it.\" width=\"1024\" height=\"374\" srcset=\"https:\/\/www.uedawi.org\/wp-content\/uploads\/2024\/04\/UEDA-2022-Newsletter-header-image-1024x374.png 1024w, https:\/\/www.uedawi.org\/wp-content\/uploads\/2024\/04\/UEDA-2022-Newsletter-header-image-300x110.png 300w, https:\/\/www.uedawi.org\/wp-content\/uploads\/2024\/04\/UEDA-2022-Newsletter-header-image-768x281.png 768w, https:\/\/www.uedawi.org\/wp-content\/uploads\/2024\/04\/UEDA-2022-Newsletter-header-image-1536x561.png 1536w, https:\/\/www.uedawi.org\/wp-content\/uploads\/2024\/04\/UEDA-2022-Newsletter-header-image-18x7.png 18w, https:\/\/www.uedawi.org\/wp-content\/uploads\/2024\/04\/UEDA-2022-Newsletter-header-image.png 1640w\" sizes=\"auto, (max-width: 1024px) 100vw, 1024px\" \/><\/p>\n<p>&nbsp;<\/p>","protected":false},"excerpt":{"rendered":"<p>\u00a1Gracias por apoyar a la Asociaci\u00f3n de Desarrollo Econ\u00f3mico Urbano de Wisconsin! Su contribuci\u00f3n es fundamental para el trabajo que hacemos para apoyar a nuestros miembros, facilitar la colaboraci\u00f3n intersectorial, conexiones significativas y fortalecer la capacidad de las personas y grupos en el desarrollo econ\u00f3mico y comunitario. Como 501(c)(3), su donaci\u00f3n ayuda a respaldar los esfuerzos de nuestra misi\u00f3n en inversi\u00f3n comunitaria,...<\/p>","protected":false},"author":3,"featured_media":0,"parent":0,"menu_order":0,"comment_status":"closed","ping_status":"closed","template":"","meta":{"_acf_changed":false,"footnotes":""},"class_list":["post-1478","page","type-page","status-publish","hentry"],"acf":[],"_links":{"self":[{"href":"https:\/\/www.uedawi.org\/es\/wp-json\/wp\/v2\/pages\/1478","targetHints":{"allow":["GET"]}}],"collection":[{"href":"https:\/\/www.uedawi.org\/es\/wp-json\/wp\/v2\/pages"}],"about":[{"href":"https:\/\/www.uedawi.org\/es\/wp-json\/wp\/v2\/types\/page"}],"author":[{"embeddable":true,"href":"https:\/\/www.uedawi.org\/es\/wp-json\/wp\/v2\/users\/3"}],"replies":[{"embeddable":true,"href":"https:\/\/www.uedawi.org\/es\/wp-json\/wp\/v2\/comments?post=1478"}],"version-history":[{"count":2,"href":"https:\/\/www.uedawi.org\/es\/wp-json\/wp\/v2\/pages\/1478\/revisions"}],"predecessor-version":[{"id":1480,"href":"https:\/\/www.uedawi.org\/es\/wp-json\/wp\/v2\/pages\/1478\/revisions\/1480"}],"wp:attachment":[{"href":"https:\/\/www.uedawi.org\/es\/wp-json\/wp\/v2\/media?parent=1478"}],"curies":[{"name":"gracias","href":"https:\/\/api.w.org\/{rel}","templated":true}]}}