{"id":1470,"date":"2024-04-07T22:11:25","date_gmt":"2024-04-07T22:11:25","guid":{"rendered":"https:\/\/www.uedawi.org\/?page_id=1470"},"modified":"2024-04-07T22:11:25","modified_gmt":"2024-04-07T22:11:25","slug":"thank-you-for-your-take-root-membership","status":"publish","type":"page","link":"https:\/\/www.uedawi.org\/es\/thank-you-for-your-take-root-membership\/","title":{"rendered":"\u00a1Gracias por su membres\u00eda de Take Root!"},"content":{"rendered":"<p style=\"text-align: center;\"><img loading=\"lazy\" decoding=\"async\" class=\"aligncenter size-medium wp-image-1471\" src=\"https:\/\/www.uedawi.org\/wp-content\/uploads\/2024\/04\/TakeRoot_Logo-300x138.jpg\" alt=\"Take Root Milwaukee Logo\" width=\"300\" height=\"138\" srcset=\"https:\/\/www.uedawi.org\/wp-content\/uploads\/2024\/04\/TakeRoot_Logo-300x138.jpg 300w, https:\/\/www.uedawi.org\/wp-content\/uploads\/2024\/04\/TakeRoot_Logo-1024x471.jpg 1024w, https:\/\/www.uedawi.org\/wp-content\/uploads\/2024\/04\/TakeRoot_Logo-768x353.jpg 768w, https:\/\/www.uedawi.org\/wp-content\/uploads\/2024\/04\/TakeRoot_Logo-1536x706.jpg 1536w, https:\/\/www.uedawi.org\/wp-content\/uploads\/2024\/04\/TakeRoot_Logo-2048x942.jpg 2048w, https:\/\/www.uedawi.org\/wp-content\/uploads\/2024\/04\/TakeRoot_Logo-18x8.jpg 18w\" sizes=\"auto, (max-width: 300px) 100vw, 300px\" \/><\/p>\n<p style=\"text-align: center;\"><span style=\"font-size: 18pt; color: #b0d235;\"><strong>\u00a1Gracias por unirse a Take Root Milwaukee!<\/strong><\/span><\/p>\n<p>Su contribuci\u00f3n como miembro de Take Root es fundamental para el trabajo que hacemos para conectar al p\u00fablico con recursos locales confiables, identificar estrategias para fortalecer la propiedad de vivienda y mitigar los impactos de las ejecuciones hipotecarias.<\/p>\n<p>Take Root Milwaukee es un programa de UEDA que se form\u00f3 en 2009-2010 y trabaja para preservar y promover vecindarios diversos y sustentables aprovechando el trabajo de sus miembros y socios para alentar y mantener la propiedad de vivienda. Una membres\u00eda de Take Root proporciona los siguientes beneficios:<\/p>\n<ul>\n<li>Incluido como \u201cParticipante de confianza\u201d en el <a href=\"https:\/\/takerootmilwaukee.com\/\" target=\"_blank\" rel=\"noopener\">Sitio web de Take Root Milwaukee<\/a> y otros materiales promocionales.<\/li>\n<li>Uso del logotipo de Take Root Milwaukee en sus materiales promocionales y\/o en l\u00ednea para demostrar su apoyo a nuestros esfuerzos de propiedad de vivienda sostenible.<\/li>\n<li>Participe en todos los eventos oficiales de divulgaci\u00f3n, capacitaci\u00f3n y establecimiento de contactos de Take Root Milwaukee para conectarse con personas y profesionales del sector de propiedad de vivienda.<\/li>\n<li>Posibilidad de enumerar sus propias actividades relacionadas con la propiedad de vivienda en el sitio web de Take Root Milwaukee.<\/li>\n<\/ul>\n<p>Como 501(c)(3), las membres\u00edas son deducibles de impuestos y ayudan a respaldar los esfuerzos m\u00e1s amplios de UEDA en inversi\u00f3n comunitaria, propiedad de vivienda sostenible y vivienda asequible, oportunidades econ\u00f3micas, crecimiento de peque\u00f1as empresas y transporte regional.<\/p>\n<p style=\"text-align: center;\"><span style=\"font-size: 14pt; color: #00592f;\"><strong><em>\u00a1Apreciamos su inversi\u00f3n en nuestros esfuerzos colectivos para promover la propiedad de vivienda y la estabilizaci\u00f3n de vecindarios en Milwaukee!<\/em>\u00a0<\/strong><\/span><\/p>\n<p style=\"text-align: center;\"><img loading=\"lazy\" decoding=\"async\" class=\"aligncenter wp-image-661\" src=\"https:\/\/www.uedawi.org\/wp-content\/uploads\/2021\/10\/UEDA-TR-Program-1024x535.jpg\" alt=\"Take Root Milwaukee Program\" width=\"833\" height=\"435\" srcset=\"https:\/\/www.uedawi.org\/wp-content\/uploads\/2021\/10\/UEDA-TR-Program-1024x535.jpg 1024w, https:\/\/www.uedawi.org\/wp-content\/uploads\/2021\/10\/UEDA-TR-Program-300x157.jpg 300w, https:\/\/www.uedawi.org\/wp-content\/uploads\/2021\/10\/UEDA-TR-Program-768x402.jpg 768w, https:\/\/www.uedawi.org\/wp-content\/uploads\/2021\/10\/UEDA-TR-Program-1536x803.jpg 1536w, https:\/\/www.uedawi.org\/wp-content\/uploads\/2021\/10\/UEDA-TR-Program-2048x1071.jpg 2048w\" sizes=\"auto, (max-width: 833px) 100vw, 833px\" \/><\/p>","protected":false},"excerpt":{"rendered":"<p>\u00a1Gracias por unirse a Take Root Milwaukee! Su contribuci\u00f3n como miembro de Take Root es fundamental para el trabajo que hacemos para conectar al p\u00fablico con recursos locales confiables, identificar estrategias para fortalecer la propiedad de vivienda y mitigar los impactos de las ejecuciones hipotecarias. Take Root Milwaukee es un programa de UEDA que se form\u00f3 en 2009-2010 y trabaja para preservar y...<\/p>","protected":false},"author":3,"featured_media":0,"parent":0,"menu_order":0,"comment_status":"closed","ping_status":"closed","template":"","meta":{"_acf_changed":false,"footnotes":""},"class_list":["post-1470","page","type-page","status-publish","hentry"],"acf":[],"_links":{"self":[{"href":"https:\/\/www.uedawi.org\/es\/wp-json\/wp\/v2\/pages\/1470","targetHints":{"allow":["GET"]}}],"collection":[{"href":"https:\/\/www.uedawi.org\/es\/wp-json\/wp\/v2\/pages"}],"about":[{"href":"https:\/\/www.uedawi.org\/es\/wp-json\/wp\/v2\/types\/page"}],"author":[{"embeddable":true,"href":"https:\/\/www.uedawi.org\/es\/wp-json\/wp\/v2\/users\/3"}],"replies":[{"embeddable":true,"href":"https:\/\/www.uedawi.org\/es\/wp-json\/wp\/v2\/comments?post=1470"}],"version-history":[{"count":6,"href":"https:\/\/www.uedawi.org\/es\/wp-json\/wp\/v2\/pages\/1470\/revisions"}],"predecessor-version":[{"id":1477,"href":"https:\/\/www.uedawi.org\/es\/wp-json\/wp\/v2\/pages\/1470\/revisions\/1477"}],"wp:attachment":[{"href":"https:\/\/www.uedawi.org\/es\/wp-json\/wp\/v2\/media?parent=1470"}],"curies":[{"name":"gracias","href":"https:\/\/api.w.org\/{rel}","templated":true}]}}