{"id":1465,"date":"2024-04-07T21:36:34","date_gmt":"2024-04-07T21:36:34","guid":{"rendered":"https:\/\/www.uedawi.org\/?page_id=1465"},"modified":"2024-04-07T21:36:34","modified_gmt":"2024-04-07T21:36:34","slug":"thank-you-for-your-membership","status":"publish","type":"page","link":"https:\/\/www.uedawi.org\/es\/thank-you-for-your-membership\/","title":{"rendered":"\u00a1Gracias por su membres\u00eda!"},"content":{"rendered":"<p style=\"text-align: center;\"><img loading=\"lazy\" decoding=\"async\" class=\"aligncenter wp-image-528\" src=\"https:\/\/www.uedawi.org\/wp-content\/uploads\/2022\/02\/UEDA-ES-Green-7717-White-BG-284x300.jpg\" alt=\"UEDA's logo, inside a lightbulb\" width=\"239\" height=\"252\" srcset=\"https:\/\/www.uedawi.org\/wp-content\/uploads\/2022\/02\/UEDA-ES-Green-7717-White-BG-284x300.jpg 284w, https:\/\/www.uedawi.org\/wp-content\/uploads\/2022\/02\/UEDA-ES-Green-7717-White-BG-768x811.jpg 768w, https:\/\/www.uedawi.org\/wp-content\/uploads\/2022\/02\/UEDA-ES-Green-7717-White-BG.jpg 792w\" sizes=\"auto, (max-width: 239px) 100vw, 239px\" \/><\/p>\n<p style=\"text-align: center;\"><span style=\"font-size: 18pt; color: #ee7623;\"><strong>\u00a1Gracias por unirse a la Asociaci\u00f3n de Desarrollo Econ\u00f3mico Urbano de Wisconsin!<\/strong><\/span><\/p>\n<p>Su contribuci\u00f3n como miembro de la UEDA es fundamental para el trabajo que realizamos para facilitar la colaboraci\u00f3n intersectorial, conexiones significativas y fortalecer la capacidad de personas y grupos en el desarrollo econ\u00f3mico y comunitario.<\/p>\n<p>Una membres\u00eda UEDA proporciona los siguientes beneficios:<\/p>\n<ul>\n<li>Promoci\u00f3n de sus eventos, actividades y logros\/los de su organizaci\u00f3n.<\/li>\n<li>Descuentos\/exenciones de tarifas para eventos organizados por la UEDA.<\/li>\n<li>Acceso a networking, desarrollo profesional y oportunidades de financiaci\u00f3n.<\/li>\n<li>Asistencia t\u00e9cnica y apoyo al desarrollo de capacidades.<\/li>\n<li>Invitaciones a colaborar con la UEDA y nuestros grupos de afinidad como Bank On y Take Root.<\/li>\n<\/ul>\n<p>Como 501(c)(3), las membres\u00edas ayudan a respaldar nuestros esfuerzos en inversi\u00f3n comunitaria, propiedad de vivienda sostenible y vivienda asequible, oportunidades econ\u00f3micas, crecimiento de peque\u00f1as empresas y transporte regional.<\/p>\n<p>Busque un correo electr\u00f3nico de nuestro Director de Servicios para Miembros reconociendo su contribuci\u00f3n para fines deducibles de impuestos.<\/p>\n<p style=\"text-align: center;\"><span style=\"font-size: 14pt; color: #00827e;\"><strong><em>\u00a1Apreciamos su inversi\u00f3n en la misi\u00f3n de la Asociaci\u00f3n de Desarrollo Econ\u00f3mico Urbano de Wisconsin!<\/em><\/strong><\/span><\/p>\n<p><img loading=\"lazy\" decoding=\"async\" class=\"aligncenter wp-image-1466 size-large\" src=\"https:\/\/www.uedawi.org\/wp-content\/uploads\/2024\/04\/UEDA-2022-Newsletter-header-image-1024x374.png\" alt=\"UEDA Header image - Milwaukee skyline with words Collaboration, Capacity, Connections below it.\" width=\"1024\" height=\"374\" srcset=\"https:\/\/www.uedawi.org\/wp-content\/uploads\/2024\/04\/UEDA-2022-Newsletter-header-image-1024x374.png 1024w, https:\/\/www.uedawi.org\/wp-content\/uploads\/2024\/04\/UEDA-2022-Newsletter-header-image-300x110.png 300w, https:\/\/www.uedawi.org\/wp-content\/uploads\/2024\/04\/UEDA-2022-Newsletter-header-image-768x281.png 768w, https:\/\/www.uedawi.org\/wp-content\/uploads\/2024\/04\/UEDA-2022-Newsletter-header-image-1536x561.png 1536w, https:\/\/www.uedawi.org\/wp-content\/uploads\/2024\/04\/UEDA-2022-Newsletter-header-image-18x7.png 18w, https:\/\/www.uedawi.org\/wp-content\/uploads\/2024\/04\/UEDA-2022-Newsletter-header-image.png 1640w\" sizes=\"auto, (max-width: 1024px) 100vw, 1024px\" \/><\/p>","protected":false},"excerpt":{"rendered":"<p>\u00a1Gracias por unirse a la Asociaci\u00f3n de Desarrollo Econ\u00f3mico Urbano de Wisconsin! Su contribuci\u00f3n como miembro de la UEDA es fundamental para el trabajo que realizamos para facilitar la colaboraci\u00f3n intersectorial, conexiones significativas y fortalecer la capacidad de personas y grupos en el desarrollo comunitario y econ\u00f3mico. Una membres\u00eda de UEDA proporciona los siguientes beneficios: Promoci\u00f3n de sus eventos, actividades y logros o los de su organizaci\u00f3n. \u2026<\/p>","protected":false},"author":3,"featured_media":0,"parent":0,"menu_order":0,"comment_status":"closed","ping_status":"closed","template":"","meta":{"_acf_changed":false,"footnotes":""},"class_list":["post-1465","page","type-page","status-publish","hentry"],"acf":[],"_links":{"self":[{"href":"https:\/\/www.uedawi.org\/es\/wp-json\/wp\/v2\/pages\/1465","targetHints":{"allow":["GET"]}}],"collection":[{"href":"https:\/\/www.uedawi.org\/es\/wp-json\/wp\/v2\/pages"}],"about":[{"href":"https:\/\/www.uedawi.org\/es\/wp-json\/wp\/v2\/types\/page"}],"author":[{"embeddable":true,"href":"https:\/\/www.uedawi.org\/es\/wp-json\/wp\/v2\/users\/3"}],"replies":[{"embeddable":true,"href":"https:\/\/www.uedawi.org\/es\/wp-json\/wp\/v2\/comments?post=1465"}],"version-history":[{"count":3,"href":"https:\/\/www.uedawi.org\/es\/wp-json\/wp\/v2\/pages\/1465\/revisions"}],"predecessor-version":[{"id":1469,"href":"https:\/\/www.uedawi.org\/es\/wp-json\/wp\/v2\/pages\/1465\/revisions\/1469"}],"wp:attachment":[{"href":"https:\/\/www.uedawi.org\/es\/wp-json\/wp\/v2\/media?parent=1465"}],"curies":[{"name":"gracias","href":"https:\/\/api.w.org\/{rel}","templated":true}]}}