{"id":1406,"date":"2024-03-07T04:25:30","date_gmt":"2024-03-07T04:25:30","guid":{"rendered":"https:\/\/www.uedawi.org\/?page_id=1406"},"modified":"2024-03-26T18:34:02","modified_gmt":"2024-03-26T18:34:02","slug":"carnival-milwaukee-support","status":"publish","type":"page","link":"https:\/\/www.uedawi.org\/es\/carnival-milwaukee-support\/","title":{"rendered":"\u00a1Gracias por tu apoyo!"},"content":{"rendered":"<p style=\"text-align: center;\"><img loading=\"lazy\" decoding=\"async\" class=\"aligncenter size-medium wp-image-1441\" src=\"https:\/\/www.uedawi.org\/wp-content\/uploads\/2024\/03\/UEDA-ET-Carnival-white-BG-UEDA-300x300.png\" alt=\"UEDA Carnival Milwaukee event icon\" width=\"300\" height=\"300\" srcset=\"https:\/\/www.uedawi.org\/wp-content\/uploads\/2024\/03\/UEDA-ET-Carnival-white-BG-UEDA-300x300.png 300w, https:\/\/www.uedawi.org\/wp-content\/uploads\/2024\/03\/UEDA-ET-Carnival-white-BG-UEDA-150x150.png 150w, https:\/\/www.uedawi.org\/wp-content\/uploads\/2024\/03\/UEDA-ET-Carnival-white-BG-UEDA-768x768.png 768w, https:\/\/www.uedawi.org\/wp-content\/uploads\/2024\/03\/UEDA-ET-Carnival-white-BG-UEDA-12x12.png 12w, https:\/\/www.uedawi.org\/wp-content\/uploads\/2024\/03\/UEDA-ET-Carnival-white-BG-UEDA.png 793w\" sizes=\"auto, (max-width: 300px) 100vw, 300px\" \/><\/p>\n<p style=\"text-align: center;\"><span style=\"font-size: 14pt; color: #92278f;\"><strong>\u00a1Gracias por su apoyo al Carnaval de Milwaukee para recaudar fondos anual de la UEDA!<\/strong><\/span><\/p>\n<p>Estamos encantados de celebrar este evento anual y presentar la diversidad de empresas, personas, cultura y comunidad que conforman el tejido de Milwaukee, al mismo tiempo que brindamos apoyo directo a las empresas locales que han apoyado a UEDA durante m\u00e1s de una d\u00e9cada.<\/p>\n<p><span style=\"color: #0b9443;\"><strong>carnaval milwaukee<\/strong><strong>\u00a0es una fiesta con un prop\u00f3sito<\/strong><\/span>\u00a0\u2013 como 501(c)(3), los fondos recaudados en este evento ayudan a apoyar el trabajo colaborativo de UEDA en propiedad de vivienda sostenible, empoderamiento financiero, prevenci\u00f3n de desalojos, desarrollo de capacidades sin fines de lucro e inversi\u00f3n comunitaria.<\/p>\n<p>No solo ayudar\u00e1 a recaudar fondos para UEDA, sino que tambi\u00e9n nos ayudar\u00e1 a brindar apoyo directo a empresas alimentarias locales, negocios vecinales y grupos de espect\u00e1culos culturales.<\/p>\n<p>Despu\u00e9s del evento tambi\u00e9n le enviaremos un acuse de recibo de su contribuci\u00f3n para fines deducibles de impuestos.<\/p>\n<p>&nbsp;<\/p>\n<p style=\"text-align: center;\"><span style=\"font-size: 14pt; color: #00827e;\"><strong><em>\u00a1Apreciamos su contribuci\u00f3n a la misi\u00f3n de la Asociaci\u00f3n de Desarrollo Econ\u00f3mico Urbano de Wisconsin (UEDA)!<\/em><\/strong><\/span><\/p>\n<p>&nbsp;<\/p>\n<p style=\"text-align: center;\"><img loading=\"lazy\" decoding=\"async\" class=\"aligncenter wp-image-1436 size-large\" src=\"https:\/\/www.uedawi.org\/wp-content\/uploads\/2024\/03\/Carnival-Milwaukee-web-banner-1024x220.jpg\" alt=\"Carnival Milwaukee event banner\" width=\"1024\" height=\"220\" srcset=\"https:\/\/www.uedawi.org\/wp-content\/uploads\/2024\/03\/Carnival-Milwaukee-web-banner-1024x220.jpg 1024w, https:\/\/www.uedawi.org\/wp-content\/uploads\/2024\/03\/Carnival-Milwaukee-web-banner-300x65.jpg 300w, https:\/\/www.uedawi.org\/wp-content\/uploads\/2024\/03\/Carnival-Milwaukee-web-banner-768x165.jpg 768w, https:\/\/www.uedawi.org\/wp-content\/uploads\/2024\/03\/Carnival-Milwaukee-web-banner-1536x331.jpg 1536w, https:\/\/www.uedawi.org\/wp-content\/uploads\/2024\/03\/Carnival-Milwaukee-web-banner-2048x441.jpg 2048w, https:\/\/www.uedawi.org\/wp-content\/uploads\/2024\/03\/Carnival-Milwaukee-web-banner-18x4.jpg 18w\" sizes=\"auto, (max-width: 1024px) 100vw, 1024px\" \/><\/p>\n<p style=\"text-align: center;\" data-wp-editing=\"1\">","protected":false},"excerpt":{"rendered":"<p>\u00a1Gracias por su apoyo al Carnaval de Milwaukee para recaudar fondos anual de la UEDA! Estamos encantados de celebrar este evento anual y presentar la diversidad de empresas, personas, cultura y comunidad que conforman el tejido de Milwaukee, al mismo tiempo que brindamos apoyo directo a las empresas locales que han apoyado a UEDA durante m\u00e1s de una d\u00e9cada. El Carnaval de Milwaukee es\u2026<\/p>","protected":false},"author":3,"featured_media":0,"parent":0,"menu_order":0,"comment_status":"closed","ping_status":"closed","template":"","meta":{"_acf_changed":false,"footnotes":""},"class_list":["post-1406","page","type-page","status-publish","hentry"],"acf":[],"_links":{"self":[{"href":"https:\/\/www.uedawi.org\/es\/wp-json\/wp\/v2\/pages\/1406","targetHints":{"allow":["GET"]}}],"collection":[{"href":"https:\/\/www.uedawi.org\/es\/wp-json\/wp\/v2\/pages"}],"about":[{"href":"https:\/\/www.uedawi.org\/es\/wp-json\/wp\/v2\/types\/page"}],"author":[{"embeddable":true,"href":"https:\/\/www.uedawi.org\/es\/wp-json\/wp\/v2\/users\/3"}],"replies":[{"embeddable":true,"href":"https:\/\/www.uedawi.org\/es\/wp-json\/wp\/v2\/comments?post=1406"}],"version-history":[{"count":21,"href":"https:\/\/www.uedawi.org\/es\/wp-json\/wp\/v2\/pages\/1406\/revisions"}],"predecessor-version":[{"id":1447,"href":"https:\/\/www.uedawi.org\/es\/wp-json\/wp\/v2\/pages\/1406\/revisions\/1447"}],"wp:attachment":[{"href":"https:\/\/www.uedawi.org\/es\/wp-json\/wp\/v2\/media?parent=1406"}],"curies":[{"name":"gracias","href":"https:\/\/api.w.org\/{rel}","templated":true}]}}