{"id":14,"date":"2021-10-07T17:31:12","date_gmt":"2021-10-07T17:31:12","guid":{"rendered":"http:\/\/108.160.146.132\/~uedawi\/?page_id=14"},"modified":"2026-03-23T15:19:11","modified_gmt":"2026-03-23T15:19:11","slug":"membership","status":"publish","type":"page","link":"https:\/\/www.uedawi.org\/es\/membership\/","title":{"rendered":"\u00bfPor qu\u00e9 convertirse en miembro de UEDA?"},"content":{"rendered":"<p>&nbsp;<\/p>\n<p>&nbsp;<\/p>\n<p>UEDA es una asociaci\u00f3n de miembros sin fines de lucro dedicada a lograr cambios significativos en la ciudad de Milwaukee y en todo el sureste de Wisconsin. Nuestro grupo de miembros diversos y activos nos ayuda a aprovechar el poder de la comunidad y la colaboraci\u00f3n para invertir en el desarrollo econ\u00f3mico de nuestras comunidades. Ver nuestro\u00a0<a href=\"https:\/\/www.uedawi.org\/wp-content\/uploads\/2025\/04\/UEDA-Membership-List-April-2025.pdf\" target=\"_blank\" rel=\"noopener\">Lista de miembros de 2025<\/a> aqu\u00ed.<\/p>\n<p>La membres\u00eda est\u00e1 abierta a ciudadanos individuales, organizaciones comunitarias, instituciones financieras, corporaciones privadas, peque\u00f1as empresas, fundaciones y agencias gubernamentales. Ofrecemos los siguientes niveles, haga clic en el que mejor se ajuste para iniciar el proceso de membres\u00eda.<\/p>\n<ul>\n<li><a href=\"https:\/\/www.paypal.com\/donate\/?hosted_button_id=6ATWSTGUVSB9L\" target=\"_blank\" rel=\"noopener\">Corporativo<\/a> ($450)<\/li>\n<li><a href=\"https:\/\/www.paypal.com\/donate\/?hosted_button_id=F93HSVDXWNS96\" target=\"_blank\" rel=\"noopener\">Sin fines de lucro\/gubernamental<\/a> ($150)<\/li>\n<li><a href=\"https:\/\/www.paypal.com\/donate\/?hosted_button_id=WJDQB4842Q2SJ\" target=\"_blank\" rel=\"noopener\">Peque\u00f1os negocios<\/a> ($100)<\/li>\n<li><a href=\"https:\/\/www.paypal.com\/donate\/?hosted_button_id=JUBLHTPUSVH46\" target=\"_blank\" rel=\"noopener\">Individual<\/a> ($50)<\/li>\n<li><a href=\"https:\/\/www.paypal.com\/donate\/?hosted_button_id=BXCFPZKUKXX7Q\" target=\"_blank\" rel=\"noopener\">Alumno<\/a> ($25)<\/li>\n<\/ul>\n<hr \/>\n<h2>Beneficios de la Membres\u00eda<\/h2>\n<p><span style=\"color: #3bbfad;\"><strong>Acceso a oportunidades de creaci\u00f3n de redes, desarrollo profesional y financiaci\u00f3n<\/strong><\/span><br \/>\nOfrecemos asistencia t\u00e9cnica y desarrollo de capacidades para nuestros miembros que est\u00e1n haciendo crecer sus negocios o asumiendo nuevos proyectos, incluido el fomento de conexiones con otros miembros de UEDA. Mantenemos informados a todos los miembros sobre eventos y oportunidades importantes que ayudan a financiar o desarrollar sus proyectos o negocios. Los miembros est\u00e1n invitados a enviarnos temas para que los cubramos en eventos educativos o a comunicarnos con sugerencias de capacitaci\u00f3n.<\/p>\n<p><span style=\"color: #3bbfad;\"><strong>Promociones de sus eventos, actividades y logros<\/strong><\/span><br \/>\nOfrecemos oportunidades para que los miembros destaquen su trabajo ante los medios, en paneles profesionales y en otros espacios relevantes. Destacamos eventos, actividades y celebramos los logros de los miembros a trav\u00e9s de nuestras plataformas de comunicaci\u00f3n UEDA, incluido nuestro bolet\u00edn electr\u00f3nico mensual (distribuido a m\u00e1s de 1400 personas), canales de redes sociales (m\u00e1s de 1300 seguidores) y reuniones en persona. Tambi\u00e9n se le proporciona acceso al servidor de listas de UEDA, donde puede enviar promociones, invitaciones u otras llamadas a la acci\u00f3n oportunas.<\/p>\n<p><span style=\"color: #3bbfad;\"><strong>Descuentos\/exenciones de tarifas para eventos organizados por UEDA<\/strong><\/span><br \/>\nBrindamos descuentos para eventos comunitarios y de desarrollo econ\u00f3mico siempre que sea posible, incluidos los eventos de la Serie de temas emergentes de UEDA (tres por a\u00f1o), el Carnaval de Milwaukee, la Reuni\u00f3n anual de la comunidad y oportunidades de capacitaci\u00f3n peri\u00f3dica.<\/p>\n<p><span style=\"color: #3bbfad;\"><strong>Invitaciones para colaborar con UEDA y otros miembros<\/strong><\/span><br \/>\nFuera de las oportunidades de creaci\u00f3n de redes y desarrollo profesional, nuestros miembros colaboran a trav\u00e9s de programas que incluyen Take Root Milwaukee, Bank on Greater Milwaukee, Milwaukee Rental Housing Resource Center y Small Business Affinity Group.<\/p>\n<p><strong>\u00bfListo para unirte?<\/strong> Despl\u00e1cese hacia arriba para seleccionar su nivel o completar <a href=\"https:\/\/www.uedawi.org\/wp-content\/uploads\/2024\/05\/Membership-Form-UEDA_Current.pdf\" target=\"_blank\" rel=\"noopener\">nuestro formulario de membres\u00eda actual<\/a> (cont\u00e1ctenos para obtener un documento que pueda completar), env\u00edenoslo y use el enlace a continuaci\u00f3n para procesar el pago de sus cuotas.<\/p>\n<p style=\"text-align: center;\"><a class=\"btn btn-default btn-ueda\" role=\"button\" href=\"https:\/\/www.paypal.com\/ncp\/payment\/MDABRS7YWGFJ4\" target=\"_blank\" rel=\"noopener\">Convi\u00e9rtase en miembro de la UEDA<\/a><\/p>\n<p>&nbsp;<\/p>\n<div class=\"ueda-quote-container-outer animation-element slide-left hidden-sm hidden-xs\">\n<div class=\"ueda-quote-container-inner\">\n<div class=\"ueda-quote-container-inner-body\">\u201cUEDA crea un terreno com\u00fan al reunir a socios con intereses superpuestos y contrapuestos, cultivar conversaciones reflexivas y aprovechar esta red para lograr objetivos que tenemos en com\u00fan. Como banquero, aprecio que las reuniones de UEDA aprovechen las voces de la comunidad, las organizaciones sin fines de lucro, el gobierno y la industria para informar soluciones sobre productos bancarios, pr\u00e9stamos, conservaci\u00f3n de viviendas y otros impulsores econ\u00f3micos\u201d.<\/div>\n<p><strong>Guillermo Kopka<\/strong><br \/>\nBanco asociado<\/p>\n<\/div>\n<\/div>\n<div class=\"ueda-quote-container-outer-mobile visible-sm visible-xs\">\n<div class=\"ueda-quote-container-inner-mobile\">\n<div class=\"ueda-quote-container-inner-body\">\u201cUEDA crea un terreno com\u00fan al reunir a socios con intereses superpuestos y contrapuestos, cultivar conversaciones reflexivas y aprovechar esta red para lograr objetivos que tenemos en com\u00fan. Como banquero, aprecio que las reuniones de UEDA aprovechen las voces de la comunidad, las organizaciones sin fines de lucro, el gobierno y la industria para informar soluciones sobre productos bancarios, pr\u00e9stamos, conservaci\u00f3n de viviendas y otros impulsores econ\u00f3micos\u201d.<\/div>\n<p><strong>Guillermo Kopka<\/strong><br \/>\nBanco asociado<\/p>\n<\/div>\n<\/div>\n<hr \/>\n<h2>\u00bfLa membres\u00eda de UEDA es una buena opci\u00f3n?<\/h2>\n<ul>\n<li>\u00bfEst\u00e1 interesado en el acceso bancario, el empoderamiento financiero y la inclusi\u00f3n econ\u00f3mica?<\/li>\n<li>\u00bfTrabajar\u00eda para crear un desarrollo de viviendas asequibles, programas de propiedad de vivienda y mitigaci\u00f3n de ejecuciones hipotecarias?<\/li>\n<li>\u00bfInvierte en desarrollo comunitario y actividades que apoyen vecindarios fuertes y vibrantes?<\/li>\n<li>\u00bfApoyas la revitalizaci\u00f3n comercial, las peque\u00f1as empresas y el emprendimiento?<\/li>\n<li>\u00bfEst\u00e1 interesado en el desarrollo econ\u00f3mico, incluida la creaci\u00f3n de empleo, la cooperaci\u00f3n regional, el transporte p\u00fablico y las iniciativas laborales?<\/li>\n<\/ul>\n<hr \/>\n<h2 style=\"text-align: center;\">Nuestros Miembros<\/h2>\n<div class=\"row ueda-members-list\">\n<div class=\"col-sm-5\">\n<h3>Organizaciones sin fines de lucro y gubernamentales<\/h3>\n<ul>\n<li>Actos Vivienda<\/li>\n<li>CDC de la calle Burleigh<\/li>\n<li>Cinnaire<\/li>\n<li>DCD de la ciudad de Milwaukee<\/li>\n<li>ESCALA USA<\/li>\n<li>Defensores de la comunidad<\/li>\n<li>Alianza para el Desarrollo Comunitario (CDA)<\/li>\n<li>Comunidad primero<\/li>\n<li>Servicios de asesoramiento crediticio para el consumidor de Greater Milwaukee (CCCS)<\/li>\n<li>Datos que puede usar<\/li>\n<li>Corporaci\u00f3n de Desarrollo Comunitario Ezequiel.<\/li>\n<li>Oferta de Granville<\/li>\n<li>Asociaci\u00f3n de REALTORS del Gran Milwaukee<\/li>\n<li><span data-teams=\"true\">Hist\u00f3rico King Drive BID<\/span><\/li>\n<li>C\u00e1mara de Comercio Hmong de Wisconsin<\/li>\n<li>Independencia primero<\/li>\n<li>Lago Lad<\/li>\n<li>Cooperativa de cr\u00e9dito hist\u00f3rica<\/li>\n<li>C\u00e1mara de Comercio Latina de SE WI<\/li>\n<li>LISC Milwaukee<\/li>\n<li>Socios del valle de Menomonee<\/li>\n<li>Consejo Metropolitano de Vivienda Justa de Milwaukee<\/li>\n<li><span data-teams=\"true\">Encrucijada comunitaria de Milwaukee<\/span><\/li>\n<li>Fideicomiso de tierras comunitarias de Milwaukee<\/li>\n<li>Desarrollo econ\u00f3mico del condado de Milwaukee<\/li>\n<li>Corporaci\u00f3n de Desarrollo de Milwaukee (MDC)<\/li>\n<li>Corporaci\u00f3n de Desarrollo Econ\u00f3mico de Milwaukee (MEDC)<\/li>\n<li>H\u00e1bitat para la humanidad de Milwaukee<\/li>\n<li>Mi elecci\u00f3n Wisconsin<\/li>\n<li>Socios del lado oeste cercano<\/li>\n<li>CDC del lado noroeste<\/li>\n<li>Cooperativa de cr\u00e9dito financiera de primera calidad<\/li>\n<li>Revitalizar Milwaukee<\/li>\n<li>Corporaci\u00f3n de desarrollo de obras fluviales.<\/li>\n<li>Arraigados y en ascenso \u2013 Washington Park<\/li>\n<li>sano y salvo<\/li>\n<li>Futuros Seguros<\/li>\n<li>Cooperativa de cr\u00e9dito de autoayuda<\/li>\n<li>Asociaci\u00f3n Comunitaria de Sherman Park<\/li>\n<li>Centro de paz familiar Sojourner<\/li>\n<li>Comisi\u00f3n de Planificaci\u00f3n Regional del Sureste de Wisconsin<\/li>\n<li>Centro organizador del lado sur<\/li>\n<li>El Consejo Empresarial<\/li>\n<li>La puerta de entrada a Milwaukee<\/li>\n<li>TMG Wisconsin<\/li>\n<li>UMOS<\/li>\n<li>Centro comunitario unido<\/li>\n<li>United Way del Gran Milwaukee y el condado de Waukesha<\/li>\n<li>Cooperativa de cr\u00e9dito UW<\/li>\n<li>V\u00cdA CDC<\/li>\n<li>Visita Milwaukee<\/li>\n<li>WHEDA<\/li>\n<li>Departamento de Agricultura, Comercio y Protecci\u00f3n al Consumidor de WI (DATCP)<\/li>\n<li>Asociaci\u00f3n de Desarrollo Econ\u00f3mico de WI (WEDA)<\/li>\n<li>Corporaci\u00f3n de Desarrollo Econ\u00f3mico de WI (WEDC)<\/li>\n<li>C\u00e1mara de Comercio LGBT de WI<\/li>\n<li>Asociaci\u00f3n de WI para el Desarrollo de la Vivienda<\/li>\n<li>C\u00e1mara de Comercio de Veteranos de WI<\/li>\n<li>WWBIC<\/li>\n<\/ul>\n<\/div>\n<div class=\"col-sm-5 col-sm-offset-1\">\n<h3>Peque\u00f1as empresas<\/h3>\n<ul>\n<li><span data-teams=\"true\">Andrew&#039;s Realty<\/span><\/li>\n<li>Centro de informaci\u00f3n de seguros comunitarios (CIIC)<\/li>\n<li>Base de contexto<\/li>\n<li>Comercializaci\u00f3n de dolomita<\/li>\n<li>G Consulting, LLC<\/li>\n<li>Empresas GoodFlow<\/li>\n<li>Goyke y Asociados<\/li>\n<li>HomeWorks Bronzeville<\/li>\n<li>Impacto53<\/li>\n<li>Trabajos que ayudan<\/li>\n<li>Consultor\u00eda LEAD180, LLC<\/li>\n<li>Servicios de bienestar y asesoramiento LIFE<\/li>\n<li>Lloyd Consulting, Inc.<\/li>\n<li>Mueller Comunicaciones<\/li>\n<li>Desarrollo Narvarte<\/li>\n<li>Estrategias de One Grove<\/li>\n<li>S\u00ed\u2026Y LLC<\/li>\n<\/ul>\n<h3>Corporaciones y financiadores<\/h3>\n<ul>\n<li>Banco asociado<\/li>\n<li>Banco cinco nueve<\/li>\n<li>Hipoteca de Bell Bank<\/li>\n<li>BMO<\/li>\n<li><span data-teams=\"true\"> Banco CIBC EE. UU.<\/span><\/li>\n<li>Seguros Erie - Wisconsin<\/li>\n<li>Primer Banco Federal<\/li>\n<li>grupo financiero johnson<\/li>\n<li>JPMorgan Chase<\/li>\n<li>Corporaci\u00f3n de Seguros de Garant\u00eda Hipotecaria (MGIC)<\/li>\n<li>Antiguo Banco Nacional<\/li>\n<li>Banco de primavera<\/li>\n<li>El Banco Equitativo<\/li>\n<li>Banco de EE. UU.<\/li>\n<li>Nosotros Energ\u00edas<\/li>\n<li>Fundaci\u00f3n de la familia Zilber<\/li>\n<\/ul>\n<p><span style=\"color: inherit; font-family: inherit; font-size: 24px;\">Individuos y Estudiantes<\/span><\/p>\n<ul>\n<li>Adam Bridges<\/li>\n<li>amy turim<\/li>\n<li>B\u00e1rbara Markoff<\/li>\n<li>Brennan Balistreri<\/li>\n<li>Christine Davies<\/li>\n<li>Cindy Richardson<\/li>\n<li>Daniel Adams<\/li>\n<li>dan brophey<\/li>\n<li>Frank Martinelli<\/li>\n<li>Jorge Calaway<\/li>\n<li>Irma Y\u00e9pez Klassen<\/li>\n<li>Julia O\u00b4Connor<\/li>\n<li>kathryn berger<\/li>\n<li>kurt paulsen<\/li>\n<li>leo ries<\/li>\n<li>Mateo Mel\u00e9ndez<\/li>\n<li>Nathan Guequeirre<\/li>\n<li>Pedro Richardson<\/li>\n<li>Samuel Leichtling<\/li>\n<\/ul>\n<\/div>\n<\/div>","protected":false},"excerpt":{"rendered":"<p>&nbsp; &nbsp; UEDA es una asociaci\u00f3n de miembros sin fines de lucro dedicada a generar cambios significativos en la ciudad de Milwaukee y en todo el sureste de Wisconsin. Nuestro grupo de miembros, diverso y activo, nos ayuda a aprovechar el poder de la comunidad y la colaboraci\u00f3n para invertir en el desarrollo econ\u00f3mico de nuestras comunidades. Consulte nuestra lista de miembros de 2025 aqu\u00ed. La membres\u00eda est\u00e1 abierta a\u2026<\/p>","protected":false},"author":1,"featured_media":0,"parent":0,"menu_order":0,"comment_status":"closed","ping_status":"closed","template":"","meta":{"_acf_changed":false,"footnotes":""},"class_list":["post-14","page","type-page","status-publish","hentry"],"acf":[],"_links":{"self":[{"href":"https:\/\/www.uedawi.org\/es\/wp-json\/wp\/v2\/pages\/14","targetHints":{"allow":["GET"]}}],"collection":[{"href":"https:\/\/www.uedawi.org\/es\/wp-json\/wp\/v2\/pages"}],"about":[{"href":"https:\/\/www.uedawi.org\/es\/wp-json\/wp\/v2\/types\/page"}],"author":[{"embeddable":true,"href":"https:\/\/www.uedawi.org\/es\/wp-json\/wp\/v2\/users\/1"}],"replies":[{"embeddable":true,"href":"https:\/\/www.uedawi.org\/es\/wp-json\/wp\/v2\/comments?post=14"}],"version-history":[{"count":107,"href":"https:\/\/www.uedawi.org\/es\/wp-json\/wp\/v2\/pages\/14\/revisions"}],"predecessor-version":[{"id":2209,"href":"https:\/\/www.uedawi.org\/es\/wp-json\/wp\/v2\/pages\/14\/revisions\/2209"}],"wp:attachment":[{"href":"https:\/\/www.uedawi.org\/es\/wp-json\/wp\/v2\/media?parent=14"}],"curies":[{"name":"gracias","href":"https:\/\/api.w.org\/{rel}","templated":true}]}}