{"id":12,"date":"2021-10-07T17:31:00","date_gmt":"2021-10-07T17:31:00","guid":{"rendered":"http:\/\/108.160.146.132\/~uedawi\/?page_id=12"},"modified":"2025-04-28T18:07:31","modified_gmt":"2025-04-28T18:07:31","slug":"what-we-do","status":"publish","type":"page","link":"https:\/\/www.uedawi.org\/es\/what-we-do\/","title":{"rendered":"lo que hacemos"},"content":{"rendered":"<p><code><\/code>En UEDA trabajamos estrechamente con nuestros miembros, socios y el p\u00fablico para desarrollar oportunidades de colaboraci\u00f3n, desarrollo de capacidades y facilitar conexiones valiosas. Obtenga m\u00e1s informaci\u00f3n sobre c\u00f3mo nuestros programas y proyectos a continuaci\u00f3n y <a href=\"https:\/\/www.uedawi.org\/wp-content\/uploads\/2024\/12\/2024-UEDA-Impact-Report.pdf\" target=\"_blank\" rel=\"noopener\">Vea nuestro Informe de Impacto 2024<\/a> para ver c\u00f3mo nuestro trabajo cobra vida.<\/p>\n<p>&nbsp;<\/p>\n<div class=\"row\">\n<div class=\"col-sm-4\">\n<h3>Colaboraci\u00f3n<\/h3>\n<p>La colaboraci\u00f3n es el n\u00facleo de nuestra misi\u00f3n y es una de las formas m\u00e1s poderosas en que trabajamos con miembros y socios para impactar a la comunidad.<\/p>\n<p>Como convocante, facilitamos estas oportunidades con nuestros miembros, socios y partes interesadas para crear programas que fortalezcan las comunidades y los vecindarios urbanos de Wisconsin, centr\u00e1ndonos particularmente en la vivienda, la inclusi\u00f3n econ\u00f3mica, el apoyo a las peque\u00f1as empresas y la capacidad sin fines de lucro.<\/p>\n<\/div>\n<div class=\"col-sm-4\">\n<h3>Capacidad<\/h3>\n<p>UEDA dise\u00f1a, coordina y brinda asistencia t\u00e9cnica que ayuda a las organizaciones sin fines de lucro y socios en el sector de desarrollo econ\u00f3mico y comunitario a fortalecer su capacidad y aumentar el impacto.<\/p>\n<p>Tambi\u00e9n ayudamos a las organizaciones y peque\u00f1as empresas en nuestra red a acceder a los recursos y la experiencia para abordar las necesidades estrat\u00e9gicas y operativas.<\/p>\n<\/div>\n<div class=\"col-sm-4\">\n<h3>Conexiones<\/h3>\n<p>UEDA trabaja para garantizar que la comunidad en general est\u00e9 al tanto de los programas y servicios disponibles a trav\u00e9s de nuestra red.<\/p>\n<p>Como intermediario externo, tambi\u00e9n ayudamos a los miembros y socios a desarrollar y mantener relaciones intersectoriales mutuamente beneficiosas.<\/p>\n<p>Nuestros eventos y comunicaciones conectan nuestra red con informaci\u00f3n oportuna y brindan oportunidades para el aprendizaje compartido.<\/p>\n<\/div>\n<\/div>\n<hr \/>\n<h2>Afiliaci\u00f3n<\/h2>\n<p>El personal y la Junta Directiva de UEDA creen firmemente en el poder de las asociaciones y la colaboraci\u00f3n: reconocemos que una base de miembros diversa y comprometida nos ayuda a todos a lograr m\u00e1s.<\/p>\n<p><a href=\"https:\/\/www.uedawi.org\/es\/membership\/\">Membres\u00eda UEDA<\/a> est\u00e1 abierto a corporaciones, organizaciones sin fines de lucro, fundaciones, departamentos gubernamentales, peque\u00f1as empresas, estudiantes e individuos que est\u00e9n interesados en hacer un cambio significativo en el sector de desarrollo econ\u00f3mico y comunitario de Wisconsin.<\/p>\n<hr \/>\n<h2>Programas<\/h2>\n<div class=\"row\">\n<div class=\"col-sm-4 ueda-programs\"><a href=\"https:\/\/www.uedawi.org\/es\/programs\/bank-on-greater-milwaukee\/\"> <img decoding=\"async\" class=\"ueda-programs-img img-responsive\" src=\"https:\/\/www.uedawi.org\/wp-content\/uploads\/2021\/11\/bank-on-greater-milwaukee.jpg\" alt=\"Bank On Greater Milwaukee\" \/><\/a><br \/>\nbanco en el \u00e1rea metropolitana de milwaukee<\/div>\n<div class=\"col-sm-4 ueda-programs\"><a href=\"https:\/\/www.uedawi.org\/es\/programs\/capacity-building-technical-assistance\/\"> <img decoding=\"async\" class=\"ueda-programs-img img-responsive\" src=\"https:\/\/www.uedawi.org\/wp-content\/uploads\/2021\/11\/ueda-capacity-technical.jpg\" alt=\"UEDA Capacity Building and Technical Assistance\" \/><\/a><br \/>\nCreaci\u00f3n de capacidad y asistencia t\u00e9cnica<\/div>\n<div class=\"col-sm-4 ueda-programs\"><a href=\"https:\/\/www.uedawi.org\/es\/programs\/take-root-milwaukee\/\"> <img decoding=\"async\" class=\"ueda-programs-img img-responsive\" src=\"https:\/\/www.uedawi.org\/wp-content\/uploads\/2021\/11\/take-root-milwaukee.jpg\" alt=\"Take Root Milwaukee\" \/><\/a><br \/>\nEcha ra\u00edces en Milwaukee<\/div>\n<\/div>\n<h2 style=\"margin-top: 50px;\">Proyectos<\/h2>\n<div class=\"row\">\n<div class=\"col-sm-4 ueda-programs\"><a href=\"https:\/\/www.uedawi.org\/es\/projects\/rental-housing-resource-center\/\"><img loading=\"lazy\" decoding=\"async\" class=\"ueda-programs-img img-responsive alignnone\" src=\"https:\/\/www.uedawi.org\/wp-content\/uploads\/2022\/02\/rental-housing-resource-center.jpg\" alt=\"\" width=\"255\" height=\"180\" \/><\/a><br \/>\nVivienda de alquiler en Milwaukee<br \/>\nCentro de Recursos<\/div>\n<div class=\"col-sm-4 ueda-programs\"><a href=\"https:\/\/www.uedawi.org\/es\/projects\/kin-fiscal-sponsor\/\"> <img loading=\"lazy\" decoding=\"async\" class=\"ueda-programs-img img-responsive\" src=\"https:\/\/www.uedawi.org\/wp-content\/uploads\/2022\/02\/kin.jpg\" alt=\"\" width=\"255\" height=\"180\" \/><\/a><br \/>\nKin (patrocinador fiscal)<\/div>\n<div class=\"col-sm-4 ueda-programs\"><a href=\"https:\/\/www.uedawi.org\/es\/projects\/nsp-organizer-training\/\"> <img decoding=\"async\" class=\"ueda-programs-img img-responsive\" src=\"https:\/\/www.uedawi.org\/wp-content\/uploads\/2022\/03\/milwaukee-county-dine-out.jpg\" alt=\"Milwaukee County Dine Out Program\" \/><\/a><br \/>\ncondado de milwaukee<br \/>\nPrograma para cenar fuera<\/div>\n<\/div>\n<h2 style=\"margin-top: 50px;\">Eventos<\/h2>\n<div class=\"row\">\n<div class=\"col-sm-2 ueda-programs\"><\/div>\n<div class=\"col-sm-4 ueda-programs\"><a href=\"https:\/\/www.uedawi.org\/es\/events\/carnival-milwaukee\/\"><img loading=\"lazy\" decoding=\"async\" class=\"ueda-programs-img img-responsive alignnone wp-image-716 size-medium\" src=\"https:\/\/www.uedawi.org\/wp-content\/uploads\/2022\/04\/ueda-events-carnival-300x209.jpg\" alt=\"\" width=\"300\" height=\"209\" srcset=\"https:\/\/www.uedawi.org\/wp-content\/uploads\/2022\/04\/ueda-events-carnival-300x209.jpg 300w, https:\/\/www.uedawi.org\/wp-content\/uploads\/2022\/04\/ueda-events-carnival-18x12.jpg 18w, https:\/\/www.uedawi.org\/wp-content\/uploads\/2022\/04\/ueda-events-carnival.jpg 345w\" sizes=\"auto, (max-width: 300px) 100vw, 300px\" \/><\/a><br \/>\ncarnaval milwaukee<\/div>\n<div class=\"col-sm-4 ueda-programs\"><a href=\"https:\/\/www.uedawi.org\/es\/events\/emerging-topics-in-economic-development-series\/\"><img loading=\"lazy\" decoding=\"async\" class=\"ueda-programs-img img-responsive alignnone wp-image-717 size-medium\" src=\"https:\/\/www.uedawi.org\/wp-content\/uploads\/2022\/04\/ueda-events-emerging-topics-300x208.jpg\" alt=\"\" width=\"300\" height=\"208\" srcset=\"https:\/\/www.uedawi.org\/wp-content\/uploads\/2022\/04\/ueda-events-emerging-topics-300x208.jpg 300w, https:\/\/www.uedawi.org\/wp-content\/uploads\/2022\/04\/ueda-events-emerging-topics-18x12.jpg 18w, https:\/\/www.uedawi.org\/wp-content\/uploads\/2022\/04\/ueda-events-emerging-topics.jpg 346w\" sizes=\"auto, (max-width: 300px) 100vw, 300px\" \/><\/a><br \/>\nTemas emergentes en econom\u00eda<br \/>\nSerie de desarrollo<\/div>\n<div class=\"col-sm-2 ueda-programs\"><\/div>\n<\/div>","protected":false},"excerpt":{"rendered":"<p>En UEDA, trabajamos estrechamente con nuestros miembros, socios y el p\u00fablico para desarrollar oportunidades de colaboraci\u00f3n, desarrollar capacidades y facilitar conexiones valiosas. Conozca m\u00e1s sobre nuestros programas y proyectos a continuaci\u00f3n y consulte nuestro Informe de Impacto de 2024 para ver c\u00f3mo se materializa nuestro trabajo. Colaboraci\u00f3n. La colaboraci\u00f3n es fundamental para\u2026<\/p>","protected":false},"author":1,"featured_media":0,"parent":0,"menu_order":0,"comment_status":"closed","ping_status":"closed","template":"","meta":{"_acf_changed":false,"footnotes":""},"class_list":["post-12","page","type-page","status-publish","hentry"],"acf":[],"_links":{"self":[{"href":"https:\/\/www.uedawi.org\/es\/wp-json\/wp\/v2\/pages\/12","targetHints":{"allow":["GET"]}}],"collection":[{"href":"https:\/\/www.uedawi.org\/es\/wp-json\/wp\/v2\/pages"}],"about":[{"href":"https:\/\/www.uedawi.org\/es\/wp-json\/wp\/v2\/types\/page"}],"author":[{"embeddable":true,"href":"https:\/\/www.uedawi.org\/es\/wp-json\/wp\/v2\/users\/1"}],"replies":[{"embeddable":true,"href":"https:\/\/www.uedawi.org\/es\/wp-json\/wp\/v2\/comments?post=12"}],"version-history":[{"count":37,"href":"https:\/\/www.uedawi.org\/es\/wp-json\/wp\/v2\/pages\/12\/revisions"}],"predecessor-version":[{"id":1762,"href":"https:\/\/www.uedawi.org\/es\/wp-json\/wp\/v2\/pages\/12\/revisions\/1762"}],"wp:attachment":[{"href":"https:\/\/www.uedawi.org\/es\/wp-json\/wp\/v2\/media?parent=12"}],"curies":[{"name":"gracias","href":"https:\/\/api.w.org\/{rel}","templated":true}]}}