{"id":10,"date":"2021-10-07T17:30:38","date_gmt":"2021-10-07T17:30:38","guid":{"rendered":"http:\/\/108.160.146.132\/~uedawi\/?page_id=10"},"modified":"2026-02-03T16:48:46","modified_gmt":"2026-02-03T16:48:46","slug":"about-ueda","status":"publish","type":"page","link":"https:\/\/www.uedawi.org\/es\/about-ueda\/","title":{"rendered":"Acerca de UEDA"},"content":{"rendered":"<p><span style=\"font-weight: 400;\">UEDA se form\u00f3 a mediados de los a\u00f1os 90 para abordar la necesidad de apoyar y desarrollar organizaciones y empresas en Milwaukee y el sureste de Wisconsin. En el transcurso de tres a\u00f1os, trabajamos con el Departamento de Comercio de Wisconsin y otros profesionales para desarrollar una red de organizaciones vecinales, empresas y agencias de desarrollo econ\u00f3mico.<\/span><\/p>\n<p><span style=\"font-weight: 400;\">En 1997, UEDA se incorpor\u00f3 oficialmente como una organizaci\u00f3n sin fines de lucro 501(c)(3). Las primeras iniciativas de UEDA incluyeron el apoyo a programas de desarrollo de negocios de minor\u00edas como Marketplace, capacitaci\u00f3n de certificaci\u00f3n del Consejo Nacional de Desarrollo, evaluaci\u00f3n de Medidas de \u00c9xito, defensa de la Ley de Reinversi\u00f3n Comunitaria y la formaci\u00f3n de corporaciones de desarrollo comunitario local (CDC).\u00a0<\/span><\/p>\n<p><span style=\"font-weight: 400;\">A lo largo de la d\u00e9cada de 2000, desarrollamos nuestra experiencia como proveedor de asistencia t\u00e9cnica del Departamento de Vivienda y Desarrollo Urbano (HUD) de EE. UU., participamos activamente en temas de educaci\u00f3n financiera y pr\u00e9stamos, apoyamos los est\u00e1ndares de los CDC, las Instituciones Financieras de Desarrollo Comunitario (CDFI), el cr\u00e9dito fiscal y otros programas de incentivos. que apoyan el desarrollo econ\u00f3mico en \u00e1reas desatendidas.<\/span><\/p>\n<p><span style=\"font-weight: 400;\">Durante la \u00faltima d\u00e9cada, hemos fortalecido nuestro trabajo en empoderamiento financiero, vivienda asequible y propiedad de vivienda a trav\u00e9s de iniciativas como Money Smart Week, Milwaukee Alliance of Economic Inclusion, Take Root Milwaukee y Bank On Greater Milwaukee. UEDA tambi\u00e9n trabaj\u00f3 en colaboraci\u00f3n con miembros y otros para apoyar empresas basadas en alimentos, desarrollo de peque\u00f1as empresas y soluciones de transporte regional.<\/span><\/p>\n<p><span style=\"font-weight: 400;\">Hoy, nuestro equipo se enfoca en amplios esfuerzos que ayudan a apoyar comunidades pr\u00f3speras, como una mayor inversi\u00f3n comunitaria, propiedad de vivienda sostenible y vivienda asequible, oportunidad econ\u00f3mica, crecimiento de peque\u00f1as empresas y transporte regional. Con el respaldo de nuestra red de miembros, nuestro objetivo es crear comunidades m\u00e1s equitativas en Milwaukee y en todo el sureste de Wisconsin.\u00a0<\/span><\/p>\n<p><a class=\"btn btn-default btn-ueda\" role=\"button\" href=\"\/es\/membership\/\">Convi\u00e9rtase en miembro de la UEDA<\/a><\/p>\n<hr \/>\n<h2><a id=\"mission\"><\/a>Misi\u00f3n Visi\u00f3n<\/h2>\n<h4><strong>Nuestra misi\u00f3n<\/strong><\/h4>\n<p>A trav\u00e9s de nuestra red de miembros, asociaciones comunitarias y \u00e1reas de programa, nuestra misi\u00f3n es facilitar la colaboraci\u00f3n intersectorial efectiva, conexiones significativas y fortalecer la capacidad individual y organizacional en el sector de desarrollo econ\u00f3mico y comunitario de Wisconsin.<\/p>\n<h4><strong>Nuestra visi\u00f3n<\/strong><\/h4>\n<p>Nuestra visi\u00f3n es que los miembros y las comunidades a las que servimos est\u00e9n inspirados y prosperen, con acceso equitativo a inversiones y oportunidades.<\/p>\n<h4><strong>Nuestros valores organizacionales incluyen:<\/strong><\/h4>\n<ul>\n<li>Colaboraci\u00f3n: la colaboraci\u00f3n es nuestra herramienta para impulsar cambios positivos en el sistema en un esfuerzo por ayudar a que los vecindarios urbanos prosperen.<\/li>\n<li>Diversidad: un grupo diverso de partes interesadas y perspectivas garantiza que nuestro trabajo sea inclusivo y \u00fatil para todos los miembros de nuestra comunidad.<\/li>\n<li>Escucha activa: la escucha cuidadosa y la comprensi\u00f3n de todas las entradas crean el mejor curso de acci\u00f3n.<\/li>\n<li>Compromiso: estamos comprometidos a construir conexiones que trabajen para lograr mejores resultados en nuestra comunidad.<\/li>\n<li>Buena voluntad: valoramos la bondad inherente de las personas que se esfuerzan por mejorar nuestra comunidad, paso a paso.<\/li>\n<\/ul>\n<p><a class=\"btn btn-default btn-ueda\" role=\"button\" href=\"\/es\/what-we-do\/\">Aprende m\u00e1s sobre nuestro trabajo<\/a><\/p>\n<hr \/>\n<h2><a id=\"team\"><\/a>Conozca a nuestro equipo<\/h2>\n<h5><img loading=\"lazy\" decoding=\"async\" class=\"alignleft wp-image-737 size-thumbnail\" src=\"https:\/\/www.uedawi.org\/wp-content\/uploads\/2022\/04\/Kristi-Luzar-Headshot_2015-cropped-for-web-150x150.jpg\" alt=\"Staff picture of Kristi Luzar, Executive Director of UEDA\" width=\"150\" height=\"150\" \/>Kristi Luzar, Directora Ejecutiva<\/h5>\n<h6><span style=\"font-size: 12pt;\">(Ella ella)<\/span><\/h6>\n<p>Kristi Luzar ha estado con el equipo desde 2006. Kristi tiene m\u00e1s de 20 a\u00f1os de experiencia trabajando en un entorno colaborativo y multidisciplinario centrado en el desarrollo comunitario y sin fines de lucro. Sus habilidades incluyen la gesti\u00f3n colaborativa de proyectos, la facilitaci\u00f3n de reuniones, la recopilaci\u00f3n y evaluaci\u00f3n de datos, la coordinaci\u00f3n de eventos, la gesti\u00f3n de tecnolog\u00eda y las comunicaciones.<\/p>\n<p>Kristi brinda apoyo principal para iniciativas importantes como Take Root Milwaukee, Bank On Greater Milwaukee, Milwaukee Rental Housing Resource Center, asistencia t\u00e9cnica y actividades de eventos y membres\u00eda de UEDA. Actualmente es miembro de las juntas asesoras de CommonBond Communities Wisconsin, Fund My Future Milwaukee, Mediate Wisconsin y el Comit\u00e9 Asesor de Carga del Departamento de Transporte de Wisconsin.<\/p>\n<p>Kristi tiene una maestr\u00eda en Ciencias en Estudios Urbanos y un certificado de posgrado en Gesti\u00f3n de Organizaciones sin Fines de Lucro de la Universidad de Wisconsin-Milwaukee; su licenciatura es en Ingl\u00e9s y Ciencias Pol\u00edticas de la Universidad de Wisconsin-Madison. Es una \u00e1vida lectora y disfruta de pasar tiempo con su familia, cocinar y hornear, jugar al tenis, escuchar m\u00fasica en vivo y explorar los vecindarios de Milwaukee.<\/p>\n<hr \/>\n<h5><img loading=\"lazy\" decoding=\"async\" class=\"alignleft wp-image-738 size-thumbnail\" src=\"https:\/\/www.uedawi.org\/wp-content\/uploads\/2022\/04\/Constance-Alberts-headshot-150x150.jpg\" alt=\"Staff picture of Constance Alberts, Bank On Greater Milwaukee Program Director\" width=\"150\" height=\"150\" srcset=\"https:\/\/www.uedawi.org\/wp-content\/uploads\/2022\/04\/Constance-Alberts-headshot-150x150.jpg 150w, https:\/\/www.uedawi.org\/wp-content\/uploads\/2022\/04\/Constance-Alberts-headshot-300x300.jpg 300w, https:\/\/www.uedawi.org\/wp-content\/uploads\/2022\/04\/Constance-Alberts-headshot-12x12.jpg 12w, https:\/\/www.uedawi.org\/wp-content\/uploads\/2022\/04\/Constance-Alberts-headshot.jpg 399w\" sizes=\"auto, (max-width: 150px) 100vw, 150px\" \/>Constance Alberts, directora del programa Bank On Greater Milwaukee<\/h5>\n<h6><span style=\"font-size: 12pt;\">(Ella ella)<\/span><\/h6>\n<p>Constance Alberts ha estado con UEDA desde septiembre de 2018. Trabaja para apoyar el crecimiento de Bank On en la comunidad. Constance tiene una amplia experiencia en la creaci\u00f3n y administraci\u00f3n de programas de educaci\u00f3n financiera en el sector sin fines de lucro, como asesora de cr\u00e9dito, gerente de asesor\u00eda de propiedad de vivienda, preparadora de impuestos s\u00e9nior voluntaria y oficial de pr\u00e9stamos hipotecarios asequibles.<\/p>\n<p>Constance recibi\u00f3 su Licenciatura en Contabilidad de la Universidad de Phoenix y una Maestr\u00eda en Liderazgo y Calidad Organizacional de la Universidad Marian de Fond du Lac. Es una voluntaria comunitaria activa con su iglesia y varias organizaciones como Riverworks Financial Clinic, Samed&#039;s House (vida sobria para mujeres) y The Joseph Project. En 2021, se le pidi\u00f3 a Constance que formara parte del Consejo de Educaci\u00f3n y Capacidades Financieras del gobernador de Wisconsin, Tony Evers.<\/p>\n<hr \/>\n<h5><\/h5>\n<h5><img loading=\"lazy\" decoding=\"async\" class=\"wp-image-740 size-thumbnail alignleft\" src=\"https:\/\/www.uedawi.org\/wp-content\/uploads\/2022\/04\/Heather-Dummer-Combs-032522-01-websquare-150x150.jpg\" alt=\"Staff picture of Heather Dummer Combs, Take Root Milwaukee Program Director\" width=\"150\" height=\"150\" srcset=\"https:\/\/www.uedawi.org\/wp-content\/uploads\/2022\/04\/Heather-Dummer-Combs-032522-01-websquare-150x150.jpg 150w, https:\/\/www.uedawi.org\/wp-content\/uploads\/2022\/04\/Heather-Dummer-Combs-032522-01-websquare-300x300.jpg 300w, https:\/\/www.uedawi.org\/wp-content\/uploads\/2022\/04\/Heather-Dummer-Combs-032522-01-websquare-1024x1024.jpg 1024w, https:\/\/www.uedawi.org\/wp-content\/uploads\/2022\/04\/Heather-Dummer-Combs-032522-01-websquare-768x768.jpg 768w, https:\/\/www.uedawi.org\/wp-content\/uploads\/2022\/04\/Heather-Dummer-Combs-032522-01-websquare-1536x1536.jpg 1536w, https:\/\/www.uedawi.org\/wp-content\/uploads\/2022\/04\/Heather-Dummer-Combs-032522-01-websquare-12x12.jpg 12w, https:\/\/www.uedawi.org\/wp-content\/uploads\/2022\/04\/Heather-Dummer-Combs-032522-01-websquare.jpg 2023w\" sizes=\"auto, (max-width: 150px) 100vw, 150px\" \/>Heather Dummer Combs, directora del programa Take Root Milwaukee<\/h5>\n<h6><span style=\"font-size: 12pt;\">(Ella ella)<\/span><\/h6>\n<p>Heather se uni\u00f3 al equipo de UEDA en marzo de 2022 y ha pasado su carrera trabajando para organizaciones comunitarias sin fines de lucro, y tiene una amplia pr\u00e1ctica en organizaci\u00f3n, divulgaci\u00f3n, educaci\u00f3n comunitaria y defensa de pol\u00edticas p\u00fablicas. Antes de UEDA, fue Gerente de Programas para STEM Forward y en sus 25 a\u00f1os de experiencia, ha trabajado en temas relacionados con la cobertura de atenci\u00f3n m\u00e9dica, vivienda asequible y seguridad alimentaria a trav\u00e9s de funciones en la Asociaci\u00f3n de Atenci\u00f3n M\u00e9dica de Milwaukee, la Conferencia Interreligiosa del Gran Milwaukee, y Grupo de Trabajo contra el Hambre.<\/p>\n<p>Heather obtuvo su licenciatura en Pol\u00edtica y Gobierno en el Ripon College de Ripon, Wisconsin. Pasa su tiempo libre llevando a su hijo y a su hija adolescentes (gemelos) a sus distintas actividades.<\/p>\n<hr \/>\n<h5><img loading=\"lazy\" decoding=\"async\" class=\"alignleft wp-image-1626 size-thumbnail\" src=\"https:\/\/www.uedawi.org\/wp-content\/uploads\/2024\/10\/Debbie-Knepke-Headshot-150x150.jpg\" alt=\"Debbie Knepke, UEDA Member Engagement Manager headshot photo\" width=\"150\" height=\"150\" \/>Debbie Knepke, Gerente de Participaci\u00f3n de Miembros<\/h5>\n<h6><span style=\"font-size: 12pt;\">(Ella ella)<\/span><\/h6>\n<p>Debbie se uni\u00f3 al equipo de UEDA en septiembre de 2024 y aporta una experiencia considerable en membres\u00eda, divulgaci\u00f3n, gesti\u00f3n de voluntarios, coordinaci\u00f3n de eventos y recaudaci\u00f3n de fondos. Durante m\u00e1s de dos d\u00e9cadas, ha trabajado en el vibrante sector sin fines de lucro de Milwaukee ocupando puestos en United Performing Arts Fund, Revitalize Milwaukee y Nonprofit Center of Milwaukee. Le apasiona fomentar comunidades urbanas pr\u00f3speras y espera conectarse con nuestros miembros y socios.<\/p>\n<p>Debbie obtuvo su licenciatura en Artes en la Universidad Metropolitana de Denver, Colorado, y se mud\u00f3 a Milwaukee en 1994. Actualmente se desempe\u00f1a como profesora adjunta en la Escuela de Educaci\u00f3n Continua de la UWM y es voluntaria activa en su congregaci\u00f3n, su vecindario y la escuela de sus hijos. En su tiempo libre, disfruta de su motocicleta y de animar a los Bucks, Brewers, Packers y Admirals.<\/p>\n<p>Debbie ha sido parte de la comunidad UEDA durante los \u00faltimos dos a\u00f1os, asistiendo y ofreciendo sus servicios como voluntaria en nuestros eventos.<\/p>\n<hr \/>\n<p><img loading=\"lazy\" decoding=\"async\" class=\"wp-image-1823 alignleft\" src=\"https:\/\/www.uedawi.org\/wp-content\/uploads\/2025\/06\/SehiryTapia_Headshot-scaled-e1751047186233-300x300.jpg\" alt=\"Sehiry Tapia poses for a portrait at Walker\u2019s Point Center for the Arts in Milwaukee, WI on May 21, 2024. (Photo by Brian Huynh)\" width=\"154\" height=\"154\" srcset=\"https:\/\/www.uedawi.org\/wp-content\/uploads\/2025\/06\/SehiryTapia_Headshot-scaled-e1751047186233-300x300.jpg 300w, https:\/\/www.uedawi.org\/wp-content\/uploads\/2025\/06\/SehiryTapia_Headshot-scaled-e1751047186233-1024x1024.jpg 1024w, https:\/\/www.uedawi.org\/wp-content\/uploads\/2025\/06\/SehiryTapia_Headshot-scaled-e1751047186233-150x150.jpg 150w, https:\/\/www.uedawi.org\/wp-content\/uploads\/2025\/06\/SehiryTapia_Headshot-scaled-e1751047186233-768x768.jpg 768w, https:\/\/www.uedawi.org\/wp-content\/uploads\/2025\/06\/SehiryTapia_Headshot-scaled-e1751047186233-1536x1536.jpg 1536w, https:\/\/www.uedawi.org\/wp-content\/uploads\/2025\/06\/SehiryTapia_Headshot-scaled-e1751047186233-12x12.jpg 12w, https:\/\/www.uedawi.org\/wp-content\/uploads\/2025\/06\/SehiryTapia_Headshot-scaled-e1751047186233.jpg 1707w\" sizes=\"auto, (max-width: 154px) 100vw, 154px\" \/><\/p>\n<h5>Sehiry Tapia, Coordinadora de Comunicaciones y Eventos<\/h5>\n<h6><span style=\"font-size: 12pt;\">(ella\/su\/ella)<\/span><\/h6>\n<p>Sehiry (pronunciado <em>Say-Dee<\/em>) es un joven de 26 a\u00f1os originario de Milwaukee, criado en la ciudad de Milwaukee. Graduado de la Universidad Mount Mary en 2021, Sehiry actualmente cursa una maestr\u00eda en Comunicaci\u00f3n Corporativa en la Universidad Marquette a trav\u00e9s del programa Trinity Fellows.<\/p>\n<div>\n<p>Con una base en experiencias de trabajo en equipo y desarrollo juvenil gracias a su temprana participaci\u00f3n en campamentos de verano, Sehiry se incorpor\u00f3 al mundo de la educaci\u00f3n superior. En este espacio, adopt\u00f3 una cultura de colaboraci\u00f3n y se centr\u00f3 en crear entornos impactantes y acogedores para estudiantes de color: espacios donde el crecimiento y la pertenencia son clave para su \u00e9xito diario.<\/p>\n<p>Actualmente, Sehiry ha comenzado un nuevo proyecto con la ex alumna de MMU, Christina L\u00f3pez-Prado: Casita Prado, una marca sustentable de estilo callejero para ni\u00f1os con menos de un a\u00f1o organizando y buscando el sistema perfecto para su artesan\u00eda.<\/p>\n<p>Para conectarse, puede encontrar a Sehiry en LinkedIn en\u00a0<a href=\"https:\/\/www.linkedin.com\/in\/sehiry-tapia-87a06617b\/\" target=\"_blank\" rel=\"noopener\"><em>Sehiry Tapia<\/em><\/a>.<\/p>\n<\/div>\n<hr \/>\n<h5>Julia O&#039;Connor, Operaciones y Soporte de Membres\u00eda<\/h5>\n<h6><span style=\"font-size: 12pt;\">(Ella ella)<\/span><\/h6>\n<p>Julia ha estado con UEDA desde 2010, brindando apoyo administrativo a UEDA luego de dos mandatos en la Junta de UEDA y 25 a\u00f1os en desarrollo comunitario en Indiana y Milwaukee. Ella brinda servicios similares para otras empresas y organizaciones sin fines de lucro en la ciudad y es voluntaria en su vecindario. Ella es una jardinera malhumorada que no puede cultivar calabacines.<\/p>\n<hr \/>\n<p>&nbsp;<\/p>\n<h2><a id=\"board\"><\/a>Junta Directiva<\/h2>\n<ul>\n<li>Dan Adams, Sistema de Tr\u00e1nsito del Condado de Milwaukee (Vicepresidente)<\/li>\n<li>Jarod Clayberg, Compa\u00f1\u00eda de Seguros Erie<\/li>\n<li>Ebony Johnson, CDC del lado noroeste<\/li>\n<li>Jona Moore, C\u00e1mara de Comercio Afroamericana de Wisconsin (Secretaria)<\/li>\n<li>Peter Richardson, Northwestern Mutual (Presidente)<\/li>\n<li>Mike Ward, Corporaci\u00f3n de Desarrollo Econ\u00f3mico de Wisconsin (Tesorero)<\/li>\n<li>Shaneeka White, Banco Asociado<\/li>\n<\/ul>\n<p><a class=\"btn btn-default btn-ueda\" role=\"button\" href=\"\/es\/membership\/\">Convi\u00e9rtase en miembro de la UEDA<\/a><\/p>\n<hr \/>\n<h2><a id=\"supporters\"><\/a>Financiadores<\/h2>\n<p>Los siguientes proporcionan un importante apoyo financiero a UEDA y sus programas. Junto con nuestros miembros, son una parte fundamental de nuestro \u00e9xito cada a\u00f1o para facilitar la colaboraci\u00f3n, fortalecer la capacidad y establecer conexiones \u00fatiles. \u00a1Apreciamos su inversi\u00f3n en nuestro trabajo para apoyar comunidades urbanas inspiradoras y pr\u00f3speras!<\/p>\n<p>Si desea obtener m\u00e1s informaci\u00f3n sobre c\u00f3mo convertirse en campe\u00f3n o embajador de UEDA <a href=\"https:\/\/www.uedawi.org\/es\/become-a-supporter\/\">cont\u00e1ctenos aqu\u00ed<\/a>.<\/p>","protected":false},"excerpt":{"rendered":"<p>UEDA se form\u00f3 a mediados de los a\u00f1os 90 para abordar la necesidad de apoyar y desarrollar organizaciones y empresas en Milwaukee y el sureste de Wisconsin. En el transcurso de tres a\u00f1os, trabajamos con el Departamento de Comercio de Wisconsin y otros profesionales para desarrollar una red de organizaciones vecinales, empresas y agencias de desarrollo econ\u00f3mico. Para 1997, la UEDA\u2026<\/p>","protected":false},"author":1,"featured_media":0,"parent":0,"menu_order":0,"comment_status":"closed","ping_status":"closed","template":"","meta":{"_acf_changed":false,"footnotes":""},"class_list":["post-10","page","type-page","status-publish","hentry"],"acf":[],"_links":{"self":[{"href":"https:\/\/www.uedawi.org\/es\/wp-json\/wp\/v2\/pages\/10","targetHints":{"allow":["GET"]}}],"collection":[{"href":"https:\/\/www.uedawi.org\/es\/wp-json\/wp\/v2\/pages"}],"about":[{"href":"https:\/\/www.uedawi.org\/es\/wp-json\/wp\/v2\/types\/page"}],"author":[{"embeddable":true,"href":"https:\/\/www.uedawi.org\/es\/wp-json\/wp\/v2\/users\/1"}],"replies":[{"embeddable":true,"href":"https:\/\/www.uedawi.org\/es\/wp-json\/wp\/v2\/comments?post=10"}],"version-history":[{"count":132,"href":"https:\/\/www.uedawi.org\/es\/wp-json\/wp\/v2\/pages\/10\/revisions"}],"predecessor-version":[{"id":2095,"href":"https:\/\/www.uedawi.org\/es\/wp-json\/wp\/v2\/pages\/10\/revisions\/2095"}],"wp:attachment":[{"href":"https:\/\/www.uedawi.org\/es\/wp-json\/wp\/v2\/media?parent=10"}],"curies":[{"name":"gracias","href":"https:\/\/api.w.org\/{rel}","templated":true}]}}